{"id":358553,"date":"2025-11-19T17:22:28","date_gmt":"2025-11-19T16:22:28","guid":{"rendered":"https:\/\/gajos.sk\/eshop\/p\/frostwell-ob-ci-sr-cizmy\/"},"modified":"2026-05-07T21:18:25","modified_gmt":"2026-05-07T19:18:25","slug":"frostwell-ob-ci-sr-cizmy","status":"publish","type":"product","link":"https:\/\/gajos.sk\/eshop\/p\/frostwell-ob-ci-sr-cizmy\/","title":{"rendered":"FROSTWELL OB CI SR \u010di\u017emy"},"content":{"rendered":"","protected":false},"excerpt":{"rendered":"<p>Pracovn\u00e9 \u010di\u017emy z PVC\/nitrilu do chladn\u00fdch a mokr\u00fdch podmienok. Tepelne izola\u010dn\u00e1 ko\u017eu\u0161inov\u00e1 pod\u0161\u00edvka udr\u017e\u00ed teplo. Certifikovan\u00e1 proti\u0161mykov\u00e1 \u00faprava. Zmes PVC\/nitrilu prin\u00e1\u0161a vy\u0161\u0161iu odolnos\u0165 a flexibilitu v chladnej\u0161\u00edch podmienkach v porovnan\u00ed so \u0161tandardn\u00fdm PVC.<\/p>\n","protected":false},"featured_media":358555,"template":"","meta":{"_acf_changed":false,"inline_featured_image":false},"product_brand":[],"product_cat":[2142,2159],"product_tag":[3598],"class_list":{"0":"post-358553","1":"product","2":"type-product","3":"status-publish","4":"has-post-thumbnail","6":"product_cat-obuv","7":"product_cat-obuv-do-dazda-vysoka","8":"product_tag-fagum-stomil-sp-z-o-o","9":"pa_farba-cierna","10":"pa_velkost-3112","11":"pa_velkost-3113","12":"pa_velkost-3114","13":"pa_velkost-3115","14":"pa_velkost-3116","15":"pa_velkost-3117","16":"pa_velkost-3118","17":"pa_velkost-3109","18":"pa_velkost-3110","19":"pa_velkost-3111","21":"first","22":"instock","23":"taxable","24":"shipping-taxable","25":"purchasable","26":"product-type-variable"},"acf":[],"_links":{"self":[{"href":"https:\/\/gajos.sk\/eshop\/wp-json\/wp\/v2\/product\/358553","targetHints":{"allow":["GET"]}}],"collection":[{"href":"https:\/\/gajos.sk\/eshop\/wp-json\/wp\/v2\/product"}],"about":[{"href":"https:\/\/gajos.sk\/eshop\/wp-json\/wp\/v2\/types\/product"}],"wp:featuredmedia":[{"embeddable":true,"href":"https:\/\/gajos.sk\/eshop\/wp-json\/wp\/v2\/media\/358555"}],"wp:attachment":[{"href":"https:\/\/gajos.sk\/eshop\/wp-json\/wp\/v2\/media?parent=358553"}],"wp:term":[{"taxonomy":"product_brand","embeddable":true,"href":"https:\/\/gajos.sk\/eshop\/wp-json\/wp\/v2\/product_brand?post=358553"},{"taxonomy":"product_cat","embeddable":true,"href":"https:\/\/gajos.sk\/eshop\/wp-json\/wp\/v2\/product_cat?post=358553"},{"taxonomy":"product_tag","embeddable":true,"href":"https:\/\/gajos.sk\/eshop\/wp-json\/wp\/v2\/product_tag?post=358553"}],"curies":[{"name":"wp","href":"https:\/\/api.w.org\/{rel}","templated":true}]}}