{"id":358486,"date":"2025-10-04T17:14:35","date_gmt":"2025-10-04T15:14:35","guid":{"rendered":"https:\/\/gajos.sk\/eshop\/p\/d99079-1-cizmy\/"},"modified":"2026-05-07T21:18:25","modified_gmt":"2026-05-07T19:18:25","slug":"d99079-1-cizmy","status":"publish","type":"product","link":"https:\/\/gajos.sk\/eshop\/p\/d99079-1-cizmy\/","title":{"rendered":"D99079\/1 \u010di\u017emy"},"content":{"rendered":"","protected":false},"excerpt":{"rendered":"<p>\u010ci\u017emy z PVC.<\/p>\n","protected":false},"featured_media":358488,"template":"","meta":{"_acf_changed":false,"inline_featured_image":false},"product_brand":[],"product_cat":[2142,2159],"product_tag":[3596],"class_list":{"0":"post-358486","1":"product","2":"type-product","3":"status-publish","4":"has-post-thumbnail","6":"product_cat-obuv","7":"product_cat-obuv-do-dazda-vysoka","8":"product_tag-dureje-jan-s-r-o","9":"pa_farba-cierna","10":"pa_velkost-3109","11":"pa_velkost-3121","12":"pa_velkost-3110","13":"pa_velkost-3111","14":"pa_velkost-3112","15":"pa_velkost-3113","16":"pa_velkost-3114","17":"pa_velkost-3115","18":"pa_velkost-3116","19":"pa_velkost-3117","20":"pa_velkost-3118","21":"pa_velkost-3119","23":"first","24":"instock","25":"taxable","26":"shipping-taxable","27":"purchasable","28":"product-type-variable"},"acf":[],"_links":{"self":[{"href":"https:\/\/gajos.sk\/eshop\/wp-json\/wp\/v2\/product\/358486","targetHints":{"allow":["GET"]}}],"collection":[{"href":"https:\/\/gajos.sk\/eshop\/wp-json\/wp\/v2\/product"}],"about":[{"href":"https:\/\/gajos.sk\/eshop\/wp-json\/wp\/v2\/types\/product"}],"wp:featuredmedia":[{"embeddable":true,"href":"https:\/\/gajos.sk\/eshop\/wp-json\/wp\/v2\/media\/358488"}],"wp:attachment":[{"href":"https:\/\/gajos.sk\/eshop\/wp-json\/wp\/v2\/media?parent=358486"}],"wp:term":[{"taxonomy":"product_brand","embeddable":true,"href":"https:\/\/gajos.sk\/eshop\/wp-json\/wp\/v2\/product_brand?post=358486"},{"taxonomy":"product_cat","embeddable":true,"href":"https:\/\/gajos.sk\/eshop\/wp-json\/wp\/v2\/product_cat?post=358486"},{"taxonomy":"product_tag","embeddable":true,"href":"https:\/\/gajos.sk\/eshop\/wp-json\/wp\/v2\/product_tag?post=358486"}],"curies":[{"name":"wp","href":"https:\/\/api.w.org\/{rel}","templated":true}]}}