{"id":358293,"date":"2025-09-03T17:00:48","date_gmt":"2025-09-03T15:00:48","guid":{"rendered":"https:\/\/gajos.sk\/eshop\/p\/lancebill-rukavice-kombinovane\/"},"modified":"2026-04-25T21:03:28","modified_gmt":"2026-04-25T19:03:28","slug":"lancebill-rukavice-kombinovane","status":"publish","type":"product","link":"https:\/\/gajos.sk\/eshop\/p\/lancebill-rukavice-kombinovane\/","title":{"rendered":"LANCEBILL rukavice kombinovan\u00e9"},"content":{"rendered":"","protected":false},"excerpt":{"rendered":"<p>Kombinovan\u00e9 pracovn\u00ed rukavice vyrobeny z kvalitn\u00ed l\u00edcov\u00e9 hov\u011bz\u00ed k\u016f\u017ee v dlani a prstech, kter\u00e1 zaji\u0161\u0165uje v\u00fdbornou odolnost v\u016f\u010di od\u011bru, mechanick\u00e9mu po\u0161kozen\u00ed i del\u0161\u00ed \u017eivotnost p\u0159i pravideln\u00e9m pou\u017e\u00edv\u00e1n\u00ed. H\u0159bet rukavice je ze siln\u00e9 bavln\u011bn\u00e9 tkaniny, kter\u00e1 zaji\u0161\u0165uje prody\u0161nost a pohodl\u00ed b\u011bhem celodenn\u00ed pr\u00e1ce. Rukavice jsou ide\u00e1ln\u00ed pro \u0161irok\u00e9 spektrum \u010dinnost\u00ed \u2013 od stavebnictv\u00ed a zem\u011bd\u011blstv\u00ed a\u017e po lehk\u00fd pr\u016fmysl nebo pr\u00e1ci na zahrad\u011b. Vyztu\u017een\u00e1 man\u017eeta poskytuje ochranu z\u00e1p\u011bst\u00ed a usnad\u0148uje navl\u00e9k\u00e1n\u00ed.<\/p>\n","protected":false},"featured_media":358295,"template":"","meta":{"_acf_changed":false,"inline_featured_image":false},"product_brand":[],"product_cat":[2150,2124],"product_tag":[3593],"class_list":{"0":"post-358293","1":"product","2":"type-product","3":"status-publish","4":"has-post-thumbnail","6":"product_cat-kozene-kombinovane","7":"product_cat-rukavice","8":"product_tag-cerva-group-a-s","9":"pa_velkost-3058","10":"pa_velkost-3050","11":"pa_velkost-3051","12":"pa_velkost-3052","13":"pa_velkost-3054","14":"pa_velkost-3057","16":"first","17":"instock","18":"taxable","19":"shipping-taxable","20":"purchasable","21":"product-type-variable"},"acf":[],"_links":{"self":[{"href":"https:\/\/gajos.sk\/eshop\/wp-json\/wp\/v2\/product\/358293","targetHints":{"allow":["GET"]}}],"collection":[{"href":"https:\/\/gajos.sk\/eshop\/wp-json\/wp\/v2\/product"}],"about":[{"href":"https:\/\/gajos.sk\/eshop\/wp-json\/wp\/v2\/types\/product"}],"wp:featuredmedia":[{"embeddable":true,"href":"https:\/\/gajos.sk\/eshop\/wp-json\/wp\/v2\/media\/358295"}],"wp:attachment":[{"href":"https:\/\/gajos.sk\/eshop\/wp-json\/wp\/v2\/media?parent=358293"}],"wp:term":[{"taxonomy":"product_brand","embeddable":true,"href":"https:\/\/gajos.sk\/eshop\/wp-json\/wp\/v2\/product_brand?post=358293"},{"taxonomy":"product_cat","embeddable":true,"href":"https:\/\/gajos.sk\/eshop\/wp-json\/wp\/v2\/product_cat?post=358293"},{"taxonomy":"product_tag","embeddable":true,"href":"https:\/\/gajos.sk\/eshop\/wp-json\/wp\/v2\/product_tag?post=358293"}],"curies":[{"name":"wp","href":"https:\/\/api.w.org\/{rel}","templated":true}]}}