{"id":358229,"date":"2025-08-29T17:01:34","date_gmt":"2025-08-29T15:01:34","guid":{"rendered":"https:\/\/gajos.sk\/eshop\/p\/tetrax-winter-rukavice-blister\/"},"modified":"2026-04-25T21:06:03","modified_gmt":"2026-04-25T19:06:03","slug":"tetrax-winter-rukavice-blister","status":"publish","type":"product","link":"https:\/\/gajos.sk\/eshop\/p\/tetrax-winter-rukavice-blister\/","title":{"rendered":"TETRAX WINTER rukavice blister"},"content":{"rendered":"","protected":false},"excerpt":{"rendered":"<p>\u2022 zateplen\u00e9 pleten\u00e9 bez\u0161vov\u00e9 nylonov\u00e9 rukavice \u2022 2\u00d7 m\u00e1\u010dan\u00e9 v latexe \u2022 proti\u0161mykov\u00e1 \u00faprava v dlani a na prstoch \u2022 pru\u017en\u00fd n\u00e1plet na z\u00e1p\u00e4st\u00ed<\/p>\n","protected":false},"featured_media":358231,"template":"","meta":{"_acf_changed":false,"inline_featured_image":false},"product_brand":[],"product_cat":[2124],"product_tag":[3593],"class_list":{"0":"post-358229","1":"product","2":"type-product","3":"status-publish","4":"has-post-thumbnail","6":"product_cat-rukavice","7":"product_tag-cerva-group-a-s","8":"pa_farba-modra-cierna","9":"pa_velkost-3050","10":"pa_velkost-3051","11":"pa_velkost-3052","12":"pa_velkost-3057","14":"first","15":"instock","16":"taxable","17":"shipping-taxable","18":"purchasable","19":"product-type-variable"},"acf":[],"_links":{"self":[{"href":"https:\/\/gajos.sk\/eshop\/wp-json\/wp\/v2\/product\/358229","targetHints":{"allow":["GET"]}}],"collection":[{"href":"https:\/\/gajos.sk\/eshop\/wp-json\/wp\/v2\/product"}],"about":[{"href":"https:\/\/gajos.sk\/eshop\/wp-json\/wp\/v2\/types\/product"}],"wp:featuredmedia":[{"embeddable":true,"href":"https:\/\/gajos.sk\/eshop\/wp-json\/wp\/v2\/media\/358231"}],"wp:attachment":[{"href":"https:\/\/gajos.sk\/eshop\/wp-json\/wp\/v2\/media?parent=358229"}],"wp:term":[{"taxonomy":"product_brand","embeddable":true,"href":"https:\/\/gajos.sk\/eshop\/wp-json\/wp\/v2\/product_brand?post=358229"},{"taxonomy":"product_cat","embeddable":true,"href":"https:\/\/gajos.sk\/eshop\/wp-json\/wp\/v2\/product_cat?post=358229"},{"taxonomy":"product_tag","embeddable":true,"href":"https:\/\/gajos.sk\/eshop\/wp-json\/wp\/v2\/product_tag?post=358229"}],"curies":[{"name":"wp","href":"https:\/\/api.w.org\/{rel}","templated":true}]}}