{"id":358007,"date":"2025-07-31T17:44:55","date_gmt":"2025-07-31T15:44:55","guid":{"rendered":"https:\/\/gajos.sk\/eshop\/p\/wind-osvezovacsprej300mljapon-zahrada\/"},"modified":"2026-04-18T01:59:09","modified_gmt":"2026-04-17T23:59:09","slug":"wind-osvezovacsprej300mljapon-zahrada","status":"publish","type":"product","link":"https:\/\/gajos.sk\/eshop\/p\/wind-osvezovacsprej300mljapon-zahrada\/","title":{"rendered":"WIND osv\u011b\u017eova\u010d,sprej,300ml,japon.z\u00e1hrada"},"content":{"rendered":"","protected":false},"excerpt":{"rendered":"","protected":false},"featured_media":0,"template":"","meta":{"_acf_changed":false,"inline_featured_image":false},"product_brand":[],"product_cat":[2131],"product_tag":[1471],"class_list":{"0":"post-358007","1":"product","2":"type-product","3":"status-publish","5":"product_cat-ostatne","6":"product_tag-hygotrendy","7":"pa_velkost-uni","9":"first","10":"instock","11":"taxable","12":"shipping-taxable","13":"purchasable","14":"product-type-variable"},"acf":[],"_links":{"self":[{"href":"https:\/\/gajos.sk\/eshop\/wp-json\/wp\/v2\/product\/358007","targetHints":{"allow":["GET"]}}],"collection":[{"href":"https:\/\/gajos.sk\/eshop\/wp-json\/wp\/v2\/product"}],"about":[{"href":"https:\/\/gajos.sk\/eshop\/wp-json\/wp\/v2\/types\/product"}],"wp:attachment":[{"href":"https:\/\/gajos.sk\/eshop\/wp-json\/wp\/v2\/media?parent=358007"}],"wp:term":[{"taxonomy":"product_brand","embeddable":true,"href":"https:\/\/gajos.sk\/eshop\/wp-json\/wp\/v2\/product_brand?post=358007"},{"taxonomy":"product_cat","embeddable":true,"href":"https:\/\/gajos.sk\/eshop\/wp-json\/wp\/v2\/product_cat?post=358007"},{"taxonomy":"product_tag","embeddable":true,"href":"https:\/\/gajos.sk\/eshop\/wp-json\/wp\/v2\/product_tag?post=358007"}],"curies":[{"name":"wp","href":"https:\/\/api.w.org\/{rel}","templated":true}]}}