{"id":357987,"date":"2025-07-31T17:44:40","date_gmt":"2025-07-31T15:44:40","guid":{"rendered":"https:\/\/gajos.sk\/eshop\/p\/hygotrendy-tekute-mydlo-5l-ruzove\/"},"modified":"2026-04-15T22:02:57","modified_gmt":"2026-04-15T20:02:57","slug":"hygotrendy-tekute-mydlo-5l-ruzove","status":"publish","type":"product","link":"https:\/\/gajos.sk\/eshop\/p\/hygotrendy-tekute-mydlo-5l-ruzove\/","title":{"rendered":"HYGOTRENDY tekut\u00e9 mydlo 5L ru\u017eov\u00e9"},"content":{"rendered":"","protected":false},"excerpt":{"rendered":"","protected":false},"featured_media":0,"template":"","meta":{"_acf_changed":false,"inline_featured_image":false},"product_brand":[],"product_cat":[3575,3594],"product_tag":[1471],"class_list":{"0":"post-357987","1":"product","2":"type-product","3":"status-publish","5":"product_cat-prva-pomoc-2","6":"product_cat-kremy-a-emulzie","7":"product_tag-hygotrendy","8":"pa_velkost-uni","10":"first","11":"instock","12":"taxable","13":"shipping-taxable","14":"purchasable","15":"product-type-variable"},"acf":[],"_links":{"self":[{"href":"https:\/\/gajos.sk\/eshop\/wp-json\/wp\/v2\/product\/357987","targetHints":{"allow":["GET"]}}],"collection":[{"href":"https:\/\/gajos.sk\/eshop\/wp-json\/wp\/v2\/product"}],"about":[{"href":"https:\/\/gajos.sk\/eshop\/wp-json\/wp\/v2\/types\/product"}],"wp:attachment":[{"href":"https:\/\/gajos.sk\/eshop\/wp-json\/wp\/v2\/media?parent=357987"}],"wp:term":[{"taxonomy":"product_brand","embeddable":true,"href":"https:\/\/gajos.sk\/eshop\/wp-json\/wp\/v2\/product_brand?post=357987"},{"taxonomy":"product_cat","embeddable":true,"href":"https:\/\/gajos.sk\/eshop\/wp-json\/wp\/v2\/product_cat?post=357987"},{"taxonomy":"product_tag","embeddable":true,"href":"https:\/\/gajos.sk\/eshop\/wp-json\/wp\/v2\/product_tag?post=357987"}],"curies":[{"name":"wp","href":"https:\/\/api.w.org\/{rel}","templated":true}]}}