{"id":357931,"date":"2025-07-09T17:02:38","date_gmt":"2025-07-09T15:02:38","guid":{"rendered":"https:\/\/gajos.sk\/eshop\/p\/eco-foam-rukavice\/"},"modified":"2026-04-25T21:08:45","modified_gmt":"2026-04-25T19:08:45","slug":"eco-foam-rukavice","status":"publish","type":"product","link":"https:\/\/gajos.sk\/eshop\/p\/eco-foam-rukavice\/","title":{"rendered":"ECO foam rukavice"},"content":{"rendered":"","protected":false},"excerpt":{"rendered":"<p>\u010cern\u00e9 beze\u0161v\u00e9 p\u011bnov\u00e9 nitrilov\u00e9 rukavice<br \/>\nP\u011btiprst\u00e9 beze\u0161v\u00e9 rukavice jsou vyrobeny z \u010dern\u00e9 recyklovan\u00e9 polyesterov\u00e9 p\u0159\u00edze pro pohodln\u00e9 no\u0161en\u00ed. Dla\u0148 je pota\u017eena p\u011bnov\u00fdm nitrilem, kter\u00fd zaji\u0161\u0165uje vynikaj\u00edc\u00ed p\u0159ilnavost, pru\u017enost a je ide\u00e1ln\u00ed pro p\u0159esnou manipulaci ve vlhk\u00e9m a olejnat\u00e9m pr\u016fmyslov\u00e9m prost\u0159ed\u00ed. Spolehliv\u00e9, ekologick\u00e9 \u0159e\u0161en\u00ed pro n\u00e1ro\u010dn\u00e9 pracovn\u00ed podm\u00ednky.<\/p>\n","protected":false},"featured_media":357933,"template":"","meta":{"_acf_changed":false,"inline_featured_image":false},"product_brand":[],"product_cat":[3585,2137,2124],"product_tag":[3593],"class_list":{"0":"post-357931","1":"product","2":"type-product","3":"status-publish","4":"has-post-thumbnail","6":"product_cat-bezsvove-rukavice","7":"product_cat-macane-a-povrstvene","8":"product_cat-rukavice","9":"product_tag-cerva-group-a-s","10":"pa_farba-cierna","11":"pa_velkost-3050","12":"pa_velkost-3051","13":"pa_velkost-3052","14":"pa_velkost-3057","15":"pa_velkost-3058","16":"pa_velkost-3062","18":"first","19":"instock","20":"taxable","21":"shipping-taxable","22":"purchasable","23":"product-type-variable"},"acf":[],"_links":{"self":[{"href":"https:\/\/gajos.sk\/eshop\/wp-json\/wp\/v2\/product\/357931","targetHints":{"allow":["GET"]}}],"collection":[{"href":"https:\/\/gajos.sk\/eshop\/wp-json\/wp\/v2\/product"}],"about":[{"href":"https:\/\/gajos.sk\/eshop\/wp-json\/wp\/v2\/types\/product"}],"wp:featuredmedia":[{"embeddable":true,"href":"https:\/\/gajos.sk\/eshop\/wp-json\/wp\/v2\/media\/357933"}],"wp:attachment":[{"href":"https:\/\/gajos.sk\/eshop\/wp-json\/wp\/v2\/media?parent=357931"}],"wp:term":[{"taxonomy":"product_brand","embeddable":true,"href":"https:\/\/gajos.sk\/eshop\/wp-json\/wp\/v2\/product_brand?post=357931"},{"taxonomy":"product_cat","embeddable":true,"href":"https:\/\/gajos.sk\/eshop\/wp-json\/wp\/v2\/product_cat?post=357931"},{"taxonomy":"product_tag","embeddable":true,"href":"https:\/\/gajos.sk\/eshop\/wp-json\/wp\/v2\/product_tag?post=357931"}],"curies":[{"name":"wp","href":"https:\/\/api.w.org\/{rel}","templated":true}]}}