{"id":357878,"date":"2025-07-03T17:30:44","date_gmt":"2025-07-03T15:30:44","guid":{"rendered":"https:\/\/gajos.sk\/eshop\/p\/l-sure-elias-nohavice\/"},"modified":"2026-04-25T21:36:52","modified_gmt":"2026-04-25T19:36:52","slug":"l-sure-elias-nohavice","status":"publish","type":"product","link":"https:\/\/gajos.sk\/eshop\/p\/l-sure-elias-nohavice\/","title":{"rendered":"L-SURE ELIAS nohavice"},"content":{"rendered":"","protected":false},"excerpt":{"rendered":"<p>\u2022 vo\u013eno\u010dasov\u00e9 nohavice vyroben\u00e9 z ve\u013emi \u013eahk\u00e9ho elastick\u00e9ho materi\u00e1lu \u2022 elastick\u00fd p\u00e1s \u2022 2 bo\u010dn\u00e9 vreck\u00e1 \u2022 1 vrecko na stehne \u2022 1 zadn\u00e9 vrecko<\/p>\n","protected":false},"featured_media":357880,"template":"","meta":{"_acf_changed":false,"inline_featured_image":false},"product_brand":[],"product_cat":[2121,2127,2126],"product_tag":[3593],"class_list":{"0":"post-357878","1":"product","2":"type-product","3":"status-publish","4":"has-post-thumbnail","6":"product_cat-odevy","7":"product_cat-nohavice","8":"product_cat-nohavice-a-overaly","9":"product_tag-cerva-group-a-s","10":"pa_farba-olivova","11":"pa_velkost-xs","12":"pa_velkost-2xs","13":"pa_velkost-xl","14":"pa_velkost-l","15":"pa_velkost-m","16":"pa_velkost-s","17":"pa_velkost-3xl","18":"pa_velkost-xxl","19":"pa_velkost-4xl","21":"first","22":"instock","23":"taxable","24":"shipping-taxable","25":"purchasable","26":"product-type-variable"},"acf":[],"_links":{"self":[{"href":"https:\/\/gajos.sk\/eshop\/wp-json\/wp\/v2\/product\/357878","targetHints":{"allow":["GET"]}}],"collection":[{"href":"https:\/\/gajos.sk\/eshop\/wp-json\/wp\/v2\/product"}],"about":[{"href":"https:\/\/gajos.sk\/eshop\/wp-json\/wp\/v2\/types\/product"}],"wp:featuredmedia":[{"embeddable":true,"href":"https:\/\/gajos.sk\/eshop\/wp-json\/wp\/v2\/media\/357880"}],"wp:attachment":[{"href":"https:\/\/gajos.sk\/eshop\/wp-json\/wp\/v2\/media?parent=357878"}],"wp:term":[{"taxonomy":"product_brand","embeddable":true,"href":"https:\/\/gajos.sk\/eshop\/wp-json\/wp\/v2\/product_brand?post=357878"},{"taxonomy":"product_cat","embeddable":true,"href":"https:\/\/gajos.sk\/eshop\/wp-json\/wp\/v2\/product_cat?post=357878"},{"taxonomy":"product_tag","embeddable":true,"href":"https:\/\/gajos.sk\/eshop\/wp-json\/wp\/v2\/product_tag?post=357878"}],"curies":[{"name":"wp","href":"https:\/\/api.w.org\/{rel}","templated":true}]}}