{"id":357591,"date":"2025-05-27T17:03:01","date_gmt":"2025-05-27T15:03:01","guid":{"rendered":"https:\/\/gajos.sk\/eshop\/p\/eco-crincle-rukavice\/"},"modified":"2026-04-25T21:08:45","modified_gmt":"2026-04-25T19:08:45","slug":"eco-crincle-rukavice","status":"publish","type":"product","link":"https:\/\/gajos.sk\/eshop\/p\/eco-crincle-rukavice\/","title":{"rendered":"ECO crincle rukavice"},"content":{"rendered":"","protected":false},"excerpt":{"rendered":"<p>Odoln\u00e9 eco-frindly pracovn\u00ed rukavice<br \/>\nP\u011btiprst\u00e9 beze\u0161v\u00e9 rukavice jsou vyrobeny z \u0161ed\u00e9 recyklovan\u00e9 polyesterov\u00e9 p\u0159\u00edze, kter\u00e1 zaji\u0161\u0165uje pevnost a pohodl\u00ed po cel\u00fd den. Dla\u0148 je pota\u017eena \u0161ed\u00fdm zvr\u00e1sn\u011bn\u00fdm latexem, kter\u00fd zaji\u0161\u0165uje vynikaj\u00edc\u00ed p\u0159ilnavost a odolnost proti od\u011bru za sucha i za mokra. Ide\u00e1ln\u00ed volba pro n\u00e1ro\u010dnou pr\u00e1ci.<\/p>\n","protected":false},"featured_media":357593,"template":"","meta":{"_acf_changed":false,"inline_featured_image":false},"product_brand":[],"product_cat":[3585,2137,2124],"product_tag":[1179],"class_list":{"0":"post-357591","1":"product","2":"type-product","3":"status-publish","4":"has-post-thumbnail","6":"product_cat-bezsvove-rukavice","7":"product_cat-macane-a-povrstvene","8":"product_cat-rukavice","9":"product_tag-cerva","10":"pa_farba-siva","11":"pa_velkost-3050","12":"pa_velkost-3051","13":"pa_velkost-3052","14":"pa_velkost-3057","15":"pa_velkost-3058","16":"pa_velkost-3062","18":"first","19":"instock","20":"taxable","21":"shipping-taxable","22":"purchasable","23":"product-type-variable"},"acf":[],"_links":{"self":[{"href":"https:\/\/gajos.sk\/eshop\/wp-json\/wp\/v2\/product\/357591","targetHints":{"allow":["GET"]}}],"collection":[{"href":"https:\/\/gajos.sk\/eshop\/wp-json\/wp\/v2\/product"}],"about":[{"href":"https:\/\/gajos.sk\/eshop\/wp-json\/wp\/v2\/types\/product"}],"wp:featuredmedia":[{"embeddable":true,"href":"https:\/\/gajos.sk\/eshop\/wp-json\/wp\/v2\/media\/357593"}],"wp:attachment":[{"href":"https:\/\/gajos.sk\/eshop\/wp-json\/wp\/v2\/media?parent=357591"}],"wp:term":[{"taxonomy":"product_brand","embeddable":true,"href":"https:\/\/gajos.sk\/eshop\/wp-json\/wp\/v2\/product_brand?post=357591"},{"taxonomy":"product_cat","embeddable":true,"href":"https:\/\/gajos.sk\/eshop\/wp-json\/wp\/v2\/product_cat?post=357591"},{"taxonomy":"product_tag","embeddable":true,"href":"https:\/\/gajos.sk\/eshop\/wp-json\/wp\/v2\/product_tag?post=357591"}],"curies":[{"name":"wp","href":"https:\/\/api.w.org\/{rel}","templated":true}]}}