{"id":357583,"date":"2025-05-27T17:02:54","date_gmt":"2025-05-27T15:02:54","guid":{"rendered":"https:\/\/gajos.sk\/eshop\/p\/eco-flat-rukavice\/"},"modified":"2026-04-25T21:08:45","modified_gmt":"2026-04-25T19:08:45","slug":"eco-flat-rukavice","status":"publish","type":"product","link":"https:\/\/gajos.sk\/eshop\/p\/eco-flat-rukavice\/","title":{"rendered":"ECO flat rukavice"},"content":{"rendered":"","protected":false},"excerpt":{"rendered":"<p>Eco-Friendly beze\u0161v\u00e9 pracovn\u00ed rukavice<br \/>\nTyto p\u011btiprst\u00e9 beze\u0161v\u00e9 rukavice jsou vyrobeny z b\u00edl\u00e9 recyklovan\u00e9 polyesterov\u00e9 p\u0159\u00edze a jsou prody\u0161n\u00e9 a lehk\u00e9. Dla\u0148 je m\u00e1\u010dena v b\u00edl\u00e9m polyuretanu (PU) na vodn\u00ed b\u00e1zi pro lep\u0161\u00ed p\u0159ilnavost a citlivost v prstech. Tyto rukavice jsou ide\u00e1ln\u00ed pro p\u0159esn\u00e9 \u00fakoly a kombinuj\u00ed v\u00fdkonnost s odpov\u011bdnost\u00ed k \u017eivotn\u00edmu prost\u0159ed\u00ed. Rukavice neobsahuj\u00ed DMF.<\/p>\n","protected":false},"featured_media":357585,"template":"","meta":{"_acf_changed":false,"inline_featured_image":false},"product_brand":[],"product_cat":[3585,2137,2124],"product_tag":[1179],"class_list":{"0":"post-357583","1":"product","2":"type-product","3":"status-publish","4":"has-post-thumbnail","6":"product_cat-bezsvove-rukavice","7":"product_cat-macane-a-povrstvene","8":"product_cat-rukavice","9":"product_tag-cerva","10":"pa_farba-biela","11":"pa_velkost-3050","12":"pa_velkost-3051","13":"pa_velkost-3052","14":"pa_velkost-3057","15":"pa_velkost-3058","16":"pa_velkost-3062","18":"first","19":"instock","20":"taxable","21":"shipping-taxable","22":"purchasable","23":"product-type-variable"},"acf":[],"_links":{"self":[{"href":"https:\/\/gajos.sk\/eshop\/wp-json\/wp\/v2\/product\/357583","targetHints":{"allow":["GET"]}}],"collection":[{"href":"https:\/\/gajos.sk\/eshop\/wp-json\/wp\/v2\/product"}],"about":[{"href":"https:\/\/gajos.sk\/eshop\/wp-json\/wp\/v2\/types\/product"}],"wp:featuredmedia":[{"embeddable":true,"href":"https:\/\/gajos.sk\/eshop\/wp-json\/wp\/v2\/media\/357585"}],"wp:attachment":[{"href":"https:\/\/gajos.sk\/eshop\/wp-json\/wp\/v2\/media?parent=357583"}],"wp:term":[{"taxonomy":"product_brand","embeddable":true,"href":"https:\/\/gajos.sk\/eshop\/wp-json\/wp\/v2\/product_brand?post=357583"},{"taxonomy":"product_cat","embeddable":true,"href":"https:\/\/gajos.sk\/eshop\/wp-json\/wp\/v2\/product_cat?post=357583"},{"taxonomy":"product_tag","embeddable":true,"href":"https:\/\/gajos.sk\/eshop\/wp-json\/wp\/v2\/product_tag?post=357583"}],"curies":[{"name":"wp","href":"https:\/\/api.w.org\/{rel}","templated":true}]}}