{"id":357348,"date":"2025-04-09T17:18:06","date_gmt":"2025-04-09T15:18:06","guid":{"rendered":"https:\/\/gajos.sk\/eshop\/p\/maas-tricko\/"},"modified":"2026-04-15T21:38:47","modified_gmt":"2026-04-15T19:38:47","slug":"maas-tricko","status":"publish","type":"product","link":"https:\/\/gajos.sk\/eshop\/p\/maas-tricko\/","title":{"rendered":"MAAS tri\u010dko"},"content":{"rendered":"","protected":false},"excerpt":{"rendered":"<p>\u2022 tri\u010dko s kr\u00e1tkym ruk\u00e1vom v atrakt\u00edvnej potla\u010di \u2022 okr\u00fahly priekr\u010dn\u00edk s jemn\u00e9ho rebrovit\u00e9ho \u00fapletu<\/p>\n","protected":false},"featured_media":357350,"template":"","meta":{"_acf_changed":false,"inline_featured_image":false},"product_brand":[],"product_cat":[2121,2135],"product_tag":[1274],"class_list":{"0":"post-357348","1":"product","2":"type-product","3":"status-publish","4":"has-post-thumbnail","6":"product_cat-odevy","7":"product_cat-tricka-a-kosele","8":"product_tag-safeworker","9":"pa_farba-cierna-oranzova","10":"pa_farba-cierna-zelena","11":"pa_farba-navy-royal","12":"pa_velkost-3xl","13":"pa_velkost-xxl","14":"pa_velkost-l","15":"pa_velkost-m","16":"pa_velkost-s","18":"first","19":"instock","20":"taxable","21":"shipping-taxable","22":"purchasable","23":"product-type-variable"},"acf":[],"_links":{"self":[{"href":"https:\/\/gajos.sk\/eshop\/wp-json\/wp\/v2\/product\/357348","targetHints":{"allow":["GET"]}}],"collection":[{"href":"https:\/\/gajos.sk\/eshop\/wp-json\/wp\/v2\/product"}],"about":[{"href":"https:\/\/gajos.sk\/eshop\/wp-json\/wp\/v2\/types\/product"}],"wp:featuredmedia":[{"embeddable":true,"href":"https:\/\/gajos.sk\/eshop\/wp-json\/wp\/v2\/media\/357350"}],"wp:attachment":[{"href":"https:\/\/gajos.sk\/eshop\/wp-json\/wp\/v2\/media?parent=357348"}],"wp:term":[{"taxonomy":"product_brand","embeddable":true,"href":"https:\/\/gajos.sk\/eshop\/wp-json\/wp\/v2\/product_brand?post=357348"},{"taxonomy":"product_cat","embeddable":true,"href":"https:\/\/gajos.sk\/eshop\/wp-json\/wp\/v2\/product_cat?post=357348"},{"taxonomy":"product_tag","embeddable":true,"href":"https:\/\/gajos.sk\/eshop\/wp-json\/wp\/v2\/product_tag?post=357348"}],"curies":[{"name":"wp","href":"https:\/\/api.w.org\/{rel}","templated":true}]}}