{"id":356782,"date":"2025-01-10T18:12:38","date_gmt":"2025-01-10T17:12:38","guid":{"rendered":"https:\/\/gajos.sk\/eshop\/p\/emerton-stretch-vesta\/"},"modified":"2026-05-06T21:52:07","modified_gmt":"2026-05-06T19:52:07","slug":"emerton-stretch-vesta","status":"publish","type":"product","link":"https:\/\/gajos.sk\/eshop\/p\/emerton-stretch-vesta\/","title":{"rendered":"EMERTON STRETCH vesta"},"content":{"rendered":"","protected":false},"excerpt":{"rendered":"<p>\u2022 p\u00e1nska vysoko odoln\u00e1 stre\u010dov\u00e1 vesta \u2022 predn\u00e9 zap\u00ednanie na zips \u2022 multifunk\u010dn\u00e9 vreck\u00e1 \u2022 zosilnenie Oxford 600D v oblasti ramien \u2022 potla\u010d reflexn\u00fdch segmentov<\/p>\n","protected":false},"featured_media":356784,"template":"","meta":{"_acf_changed":false,"inline_featured_image":false},"product_brand":[],"product_cat":[2160,2161,2121],"product_tag":[1179],"class_list":{"0":"post-356782","1":"product","2":"type-product","3":"status-publish","4":"has-post-thumbnail","6":"product_cat-mikiny-svetre-vesty","7":"product_cat-vesty","8":"product_cat-odevy","9":"product_tag-cerva","10":"pa_farba-siva-kamuflaz","11":"pa_velkost-3158","12":"pa_velkost-3159","13":"pa_velkost-3160","14":"pa_velkost-3161","15":"pa_velkost-3162","16":"pa_velkost-3110","17":"pa_velkost-3174","18":"pa_velkost-3112","19":"pa_velkost-3175","20":"pa_velkost-3121","21":"pa_velkost-3123","22":"pa_velkost-3155","23":"pa_velkost-3157","25":"first","26":"instock","27":"taxable","28":"shipping-taxable","29":"purchasable","30":"product-type-variable"},"acf":[],"_links":{"self":[{"href":"https:\/\/gajos.sk\/eshop\/wp-json\/wp\/v2\/product\/356782","targetHints":{"allow":["GET"]}}],"collection":[{"href":"https:\/\/gajos.sk\/eshop\/wp-json\/wp\/v2\/product"}],"about":[{"href":"https:\/\/gajos.sk\/eshop\/wp-json\/wp\/v2\/types\/product"}],"wp:featuredmedia":[{"embeddable":true,"href":"https:\/\/gajos.sk\/eshop\/wp-json\/wp\/v2\/media\/356784"}],"wp:attachment":[{"href":"https:\/\/gajos.sk\/eshop\/wp-json\/wp\/v2\/media?parent=356782"}],"wp:term":[{"taxonomy":"product_brand","embeddable":true,"href":"https:\/\/gajos.sk\/eshop\/wp-json\/wp\/v2\/product_brand?post=356782"},{"taxonomy":"product_cat","embeddable":true,"href":"https:\/\/gajos.sk\/eshop\/wp-json\/wp\/v2\/product_cat?post=356782"},{"taxonomy":"product_tag","embeddable":true,"href":"https:\/\/gajos.sk\/eshop\/wp-json\/wp\/v2\/product_tag?post=356782"}],"curies":[{"name":"wp","href":"https:\/\/api.w.org\/{rel}","templated":true}]}}