{"id":356748,"date":"2025-01-10T17:49:01","date_gmt":"2025-01-10T16:49:01","guid":{"rendered":"https:\/\/gajos.sk\/eshop\/p\/emerton-str-mikina\/"},"modified":"2026-05-07T21:34:28","modified_gmt":"2026-05-07T19:34:28","slug":"emerton-str-mikina","status":"publish","type":"product","link":"https:\/\/gajos.sk\/eshop\/p\/emerton-str-mikina\/","title":{"rendered":"EMERTON STR mikina"},"content":{"rendered":"","protected":false},"excerpt":{"rendered":"<p>\u2022 p\u00e1nska mikina s kapuc\u0148ou so zap\u00ednan\u00edm na zips \u2022 2 bo\u010dn\u00e9 vreck\u00e1 \u2022 1 n\u00e1prsn\u00e9 vrecko na zips \u2022 vystu\u017een\u00e9 ramen\u00e1 s reflexn\u00fdmi pruhmi \u2022 elastick\u00fd lem a man\u017eety ruk\u00e1vov<\/p>\n","protected":false},"featured_media":356750,"template":"","meta":{"_acf_changed":false,"inline_featured_image":false},"product_brand":[],"product_cat":[2160,2121],"product_tag":[1179],"class_list":{"0":"post-356748","1":"product","2":"type-product","3":"status-publish","4":"has-post-thumbnail","6":"product_cat-mikiny-svetre-vesty","7":"product_cat-odevy","8":"product_tag-cerva","9":"pa_farba-siva-oranzova","10":"pa_farba-cerna-zlta","11":"pa_velkost-4xl","12":"pa_velkost-xs","13":"pa_velkost-xl","14":"pa_velkost-l","15":"pa_velkost-m","16":"pa_velkost-s","17":"pa_velkost-3xl","18":"pa_velkost-xxl","20":"first","21":"instock","22":"taxable","23":"shipping-taxable","24":"purchasable","25":"product-type-variable"},"acf":[],"_links":{"self":[{"href":"https:\/\/gajos.sk\/eshop\/wp-json\/wp\/v2\/product\/356748","targetHints":{"allow":["GET"]}}],"collection":[{"href":"https:\/\/gajos.sk\/eshop\/wp-json\/wp\/v2\/product"}],"about":[{"href":"https:\/\/gajos.sk\/eshop\/wp-json\/wp\/v2\/types\/product"}],"wp:featuredmedia":[{"embeddable":true,"href":"https:\/\/gajos.sk\/eshop\/wp-json\/wp\/v2\/media\/356750"}],"wp:attachment":[{"href":"https:\/\/gajos.sk\/eshop\/wp-json\/wp\/v2\/media?parent=356748"}],"wp:term":[{"taxonomy":"product_brand","embeddable":true,"href":"https:\/\/gajos.sk\/eshop\/wp-json\/wp\/v2\/product_brand?post=356748"},{"taxonomy":"product_cat","embeddable":true,"href":"https:\/\/gajos.sk\/eshop\/wp-json\/wp\/v2\/product_cat?post=356748"},{"taxonomy":"product_tag","embeddable":true,"href":"https:\/\/gajos.sk\/eshop\/wp-json\/wp\/v2\/product_tag?post=356748"}],"curies":[{"name":"wp","href":"https:\/\/api.w.org\/{rel}","templated":true}]}}