{"id":356738,"date":"2025-01-10T17:46:56","date_gmt":"2025-01-10T16:46:56","guid":{"rendered":"https:\/\/gajos.sk\/eshop\/p\/emerton-str-tricko\/"},"modified":"2026-05-07T21:32:26","modified_gmt":"2026-05-07T19:32:26","slug":"emerton-str-tricko","status":"publish","type":"product","link":"https:\/\/gajos.sk\/eshop\/p\/emerton-str-tricko\/","title":{"rendered":"EMERTON STR tri\u010dko"},"content":{"rendered":"","protected":false},"excerpt":{"rendered":"<p>\u2022 unisex tri\u010dko s kr\u00e1tkym ruk\u00e1vom \u2022 vysok\u00fd obsah bambusov\u00e9ho vl\u00e1kna \u2022 vetranie zo sie\u0165oviny v podpazu\u0161\u00ed \u2022 reflexn\u00e9 detaily<\/p>\n","protected":false},"featured_media":356740,"template":"","meta":{"_acf_changed":false,"inline_featured_image":false},"product_brand":[],"product_cat":[2121,2135],"product_tag":[1179],"class_list":{"0":"post-356738","1":"product","2":"type-product","3":"status-publish","4":"has-post-thumbnail","6":"product_cat-odevy","7":"product_cat-tricka-a-kosele","8":"product_tag-cerva","9":"pa_farba-cierna","10":"pa_velkost-xl","11":"pa_velkost-l","12":"pa_velkost-m","13":"pa_velkost-s","14":"pa_velkost-3xl","15":"pa_velkost-xxl","16":"pa_velkost-4xl","17":"pa_velkost-xs","19":"first","20":"instock","21":"taxable","22":"shipping-taxable","23":"purchasable","24":"product-type-variable"},"acf":[],"_links":{"self":[{"href":"https:\/\/gajos.sk\/eshop\/wp-json\/wp\/v2\/product\/356738","targetHints":{"allow":["GET"]}}],"collection":[{"href":"https:\/\/gajos.sk\/eshop\/wp-json\/wp\/v2\/product"}],"about":[{"href":"https:\/\/gajos.sk\/eshop\/wp-json\/wp\/v2\/types\/product"}],"wp:featuredmedia":[{"embeddable":true,"href":"https:\/\/gajos.sk\/eshop\/wp-json\/wp\/v2\/media\/356740"}],"wp:attachment":[{"href":"https:\/\/gajos.sk\/eshop\/wp-json\/wp\/v2\/media?parent=356738"}],"wp:term":[{"taxonomy":"product_brand","embeddable":true,"href":"https:\/\/gajos.sk\/eshop\/wp-json\/wp\/v2\/product_brand?post=356738"},{"taxonomy":"product_cat","embeddable":true,"href":"https:\/\/gajos.sk\/eshop\/wp-json\/wp\/v2\/product_cat?post=356738"},{"taxonomy":"product_tag","embeddable":true,"href":"https:\/\/gajos.sk\/eshop\/wp-json\/wp\/v2\/product_tag?post=356738"}],"curies":[{"name":"wp","href":"https:\/\/api.w.org\/{rel}","templated":true}]}}