{"id":356582,"date":"2024-11-19T17:22:44","date_gmt":"2024-11-19T16:22:44","guid":{"rendered":"https:\/\/gajos.sk\/eshop\/p\/allyn-bunda\/"},"modified":"2026-04-11T17:52:12","modified_gmt":"2026-04-11T15:52:12","slug":"allyn-bunda","status":"publish","type":"product","link":"https:\/\/gajos.sk\/eshop\/p\/allyn-bunda\/","title":{"rendered":"ALLYN bunda"},"content":{"rendered":"","protected":false},"excerpt":{"rendered":"<p>\u2022 mont\u00e9rkov\u00e1 bunda pohodln\u00e9ho strihu s funk\u010dn\u00fdmi detailmi \u2022 reflexn\u00e9 doplnky 3M \u2022 vetranie v podpazu\u0161\u00ed a na chrbte \u2022 celokovov\u00fd zips a cvoky \u2022 vn\u00fatorn\u00e9 nylonov\u00e9 man\u017eety na ochranu pred chladom a ne\u010distotami<\/p>\n","protected":false},"featured_media":356584,"template":"","meta":{"_acf_changed":false,"inline_featured_image":false},"product_brand":[],"product_cat":[2121,2122,2123],"product_tag":[1343],"class_list":{"0":"post-356582","1":"product","2":"type-product","3":"status-publish","4":"has-post-thumbnail","6":"product_cat-odevy","7":"product_cat-bundy-a-kabaty","8":"product_cat-bundy","9":"product_tag-australian-line","10":"pa_farba-biela-siva","11":"pa_velkost-3121","12":"pa_velkost-3123","13":"pa_velkost-3155","14":"pa_velkost-3157","15":"pa_velkost-3158","16":"pa_velkost-3160","17":"pa_velkost-3161","19":"first","20":"instock","21":"taxable","22":"shipping-taxable","23":"product-type-variable"},"acf":[],"_links":{"self":[{"href":"https:\/\/gajos.sk\/eshop\/wp-json\/wp\/v2\/product\/356582","targetHints":{"allow":["GET"]}}],"collection":[{"href":"https:\/\/gajos.sk\/eshop\/wp-json\/wp\/v2\/product"}],"about":[{"href":"https:\/\/gajos.sk\/eshop\/wp-json\/wp\/v2\/types\/product"}],"wp:featuredmedia":[{"embeddable":true,"href":"https:\/\/gajos.sk\/eshop\/wp-json\/wp\/v2\/media\/356584"}],"wp:attachment":[{"href":"https:\/\/gajos.sk\/eshop\/wp-json\/wp\/v2\/media?parent=356582"}],"wp:term":[{"taxonomy":"product_brand","embeddable":true,"href":"https:\/\/gajos.sk\/eshop\/wp-json\/wp\/v2\/product_brand?post=356582"},{"taxonomy":"product_cat","embeddable":true,"href":"https:\/\/gajos.sk\/eshop\/wp-json\/wp\/v2\/product_cat?post=356582"},{"taxonomy":"product_tag","embeddable":true,"href":"https:\/\/gajos.sk\/eshop\/wp-json\/wp\/v2\/product_tag?post=356582"}],"curies":[{"name":"wp","href":"https:\/\/api.w.org\/{rel}","templated":true}]}}