{"id":356334,"date":"2024-11-05T17:00:41","date_gmt":"2024-11-05T16:00:41","guid":{"rendered":"https:\/\/gajos.sk\/eshop\/p\/tanager-rukavice-kombinovane\/"},"modified":"2026-04-25T21:03:28","modified_gmt":"2026-04-25T19:03:28","slug":"tanager-rukavice-kombinovane","status":"publish","type":"product","link":"https:\/\/gajos.sk\/eshop\/p\/tanager-rukavice-kombinovane\/","title":{"rendered":"TANAGER rukavice kombinovan\u00e9"},"content":{"rendered":"","protected":false},"excerpt":{"rendered":"<p>\u2022 \u013eahk\u00e9 rukavice zo syntetickej ko\u017ee (mikrovl\u00e1kno) na dlani a \u010dierneho polyesteru na chrbte \u2022 maj\u00fa vynikaj\u00face mechanick\u00e9 vlastnosti, s\u00fa pohodln\u00e9, priedu\u0161n\u00e9 a pru\u017en\u00e9<\/p>\n","protected":false},"featured_media":356336,"template":"","meta":{"_acf_changed":false,"inline_featured_image":false},"product_brand":[],"product_cat":[2150,2124],"product_tag":[1179],"class_list":{"0":"post-356334","1":"product","2":"type-product","3":"status-publish","4":"has-post-thumbnail","6":"product_cat-kozene-kombinovane","7":"product_cat-rukavice","8":"product_tag-cerva","9":"pa_velkost-3054","10":"pa_velkost-3057","11":"pa_velkost-3058","12":"pa_velkost-3050","13":"pa_velkost-3051","14":"pa_velkost-3052","16":"first","17":"instock","18":"taxable","19":"shipping-taxable","20":"purchasable","21":"product-type-variable"},"acf":[],"_links":{"self":[{"href":"https:\/\/gajos.sk\/eshop\/wp-json\/wp\/v2\/product\/356334","targetHints":{"allow":["GET"]}}],"collection":[{"href":"https:\/\/gajos.sk\/eshop\/wp-json\/wp\/v2\/product"}],"about":[{"href":"https:\/\/gajos.sk\/eshop\/wp-json\/wp\/v2\/types\/product"}],"wp:featuredmedia":[{"embeddable":true,"href":"https:\/\/gajos.sk\/eshop\/wp-json\/wp\/v2\/media\/356336"}],"wp:attachment":[{"href":"https:\/\/gajos.sk\/eshop\/wp-json\/wp\/v2\/media?parent=356334"}],"wp:term":[{"taxonomy":"product_brand","embeddable":true,"href":"https:\/\/gajos.sk\/eshop\/wp-json\/wp\/v2\/product_brand?post=356334"},{"taxonomy":"product_cat","embeddable":true,"href":"https:\/\/gajos.sk\/eshop\/wp-json\/wp\/v2\/product_cat?post=356334"},{"taxonomy":"product_tag","embeddable":true,"href":"https:\/\/gajos.sk\/eshop\/wp-json\/wp\/v2\/product_tag?post=356334"}],"curies":[{"name":"wp","href":"https:\/\/api.w.org\/{rel}","templated":true}]}}