{"id":356279,"date":"2024-10-11T18:16:04","date_gmt":"2024-10-11T16:16:04","guid":{"rendered":"https:\/\/gajos.sk\/eshop\/p\/tlumic-padu-18m-dvojity2karabiny-50mm\/"},"modified":"2026-04-11T17:52:12","modified_gmt":"2026-04-11T15:52:12","slug":"tlumic-padu-18m-dvojity2karabiny-50mm","status":"publish","type":"product","link":"https:\/\/gajos.sk\/eshop\/p\/tlumic-padu-18m-dvojity2karabiny-50mm\/","title":{"rendered":"Tlumi\u010d p\u00e1du 1,8m dvojit\u00fd,2karabiny 50mm"},"content":{"rendered":"","protected":false},"excerpt":{"rendered":"<p>Zosilnenie v oblasti medzi palcom a ukazov\u00e1kom pre dlh\u0161iu \u017eivotnos\u0165 rukavice.<\/p>\n","protected":false},"featured_media":0,"template":"","meta":{"_acf_changed":false,"inline_featured_image":false},"product_brand":[],"product_cat":[2153,2566,2128],"product_tag":[1246],"class_list":{"0":"post-356279","1":"product","2":"type-product","3":"status-publish","5":"product_cat-ochrana-proti-padu","6":"product_cat-tlmice-narazu","7":"product_cat-ochranne-pomocky","8":"product_tag-lanex","9":"pa_velkost-uni","11":"first","12":"instock","13":"taxable","14":"shipping-taxable","15":"product-type-variable"},"acf":[],"_links":{"self":[{"href":"https:\/\/gajos.sk\/eshop\/wp-json\/wp\/v2\/product\/356279","targetHints":{"allow":["GET"]}}],"collection":[{"href":"https:\/\/gajos.sk\/eshop\/wp-json\/wp\/v2\/product"}],"about":[{"href":"https:\/\/gajos.sk\/eshop\/wp-json\/wp\/v2\/types\/product"}],"wp:attachment":[{"href":"https:\/\/gajos.sk\/eshop\/wp-json\/wp\/v2\/media?parent=356279"}],"wp:term":[{"taxonomy":"product_brand","embeddable":true,"href":"https:\/\/gajos.sk\/eshop\/wp-json\/wp\/v2\/product_brand?post=356279"},{"taxonomy":"product_cat","embeddable":true,"href":"https:\/\/gajos.sk\/eshop\/wp-json\/wp\/v2\/product_cat?post=356279"},{"taxonomy":"product_tag","embeddable":true,"href":"https:\/\/gajos.sk\/eshop\/wp-json\/wp\/v2\/product_tag?post=356279"}],"curies":[{"name":"wp","href":"https:\/\/api.w.org\/{rel}","templated":true}]}}