{"id":356204,"date":"2024-10-03T18:08:12","date_gmt":"2024-10-03T16:08:12","guid":{"rendered":"https:\/\/gajos.sk\/eshop\/p\/emerton-stretch-nohavice\/"},"modified":"2026-05-06T21:46:57","modified_gmt":"2026-05-06T19:46:57","slug":"emerton-stretch-nohavice","status":"publish","type":"product","link":"https:\/\/gajos.sk\/eshop\/p\/emerton-stretch-nohavice\/","title":{"rendered":"EMERTON STRETCH nohavice"},"content":{"rendered":"","protected":false},"excerpt":{"rendered":"<p>\u2022 p\u00e1nske stre\u010dov\u00e9 pracovn\u00e9 nohavice \u2022 elastick\u00fd p\u00e1s \u2022 multifunk\u010dn\u00e9 vreck\u00e1 \u2022 vystu\u017een\u00e9 kolenn\u00e9 vreck\u00e1 Oxford 600D na vlo\u017eenie kolenn\u00fdch chr\u00e1ni\u010dov \u2022 potla\u010d reflexn\u00fdch segmentov \u2022 nastavite\u013en\u00e1 d\u013a\u017eka nohav\u00edc<\/p>\n","protected":false},"featured_media":356206,"template":"","meta":{"_acf_changed":false,"inline_featured_image":false},"product_brand":[],"product_cat":[2121,2127,2126],"product_tag":[1179],"class_list":{"0":"post-356204","1":"product","2":"type-product","3":"status-publish","4":"has-post-thumbnail","6":"product_cat-odevy","7":"product_cat-nohavice","8":"product_cat-nohavice-a-overaly","9":"product_tag-cerva","10":"pa_farba-siva-kamuflaz","11":"pa_farba-siva-oranzova","12":"pa_farba-cerna-zlta","13":"pa_velkost-3110","14":"pa_velkost-3174","15":"pa_velkost-3112","16":"pa_velkost-3175","17":"pa_velkost-3121","18":"pa_velkost-3123","19":"pa_velkost-3155","20":"pa_velkost-3157","21":"pa_velkost-3158","22":"pa_velkost-3159","23":"pa_velkost-3160","24":"pa_velkost-3161","25":"pa_velkost-3162","27":"first","28":"instock","29":"taxable","30":"shipping-taxable","31":"purchasable","32":"product-type-variable"},"acf":[],"_links":{"self":[{"href":"https:\/\/gajos.sk\/eshop\/wp-json\/wp\/v2\/product\/356204","targetHints":{"allow":["GET"]}}],"collection":[{"href":"https:\/\/gajos.sk\/eshop\/wp-json\/wp\/v2\/product"}],"about":[{"href":"https:\/\/gajos.sk\/eshop\/wp-json\/wp\/v2\/types\/product"}],"wp:featuredmedia":[{"embeddable":true,"href":"https:\/\/gajos.sk\/eshop\/wp-json\/wp\/v2\/media\/356206"}],"wp:attachment":[{"href":"https:\/\/gajos.sk\/eshop\/wp-json\/wp\/v2\/media?parent=356204"}],"wp:term":[{"taxonomy":"product_brand","embeddable":true,"href":"https:\/\/gajos.sk\/eshop\/wp-json\/wp\/v2\/product_brand?post=356204"},{"taxonomy":"product_cat","embeddable":true,"href":"https:\/\/gajos.sk\/eshop\/wp-json\/wp\/v2\/product_cat?post=356204"},{"taxonomy":"product_tag","embeddable":true,"href":"https:\/\/gajos.sk\/eshop\/wp-json\/wp\/v2\/product_tag?post=356204"}],"curies":[{"name":"wp","href":"https:\/\/api.w.org\/{rel}","templated":true}]}}