{"id":356010,"date":"2024-09-12T18:12:04","date_gmt":"2024-09-12T16:12:04","guid":{"rendered":"https:\/\/gajos.sk\/eshop\/p\/paf-0070-cleanspace-ultra-jedn-p3-filtr\/"},"modified":"2026-04-11T17:52:12","modified_gmt":"2026-04-11T15:52:12","slug":"paf-0070-cleanspace-ultra-jedn-p3-filtr","status":"publish","type":"product","link":"https:\/\/gajos.sk\/eshop\/p\/paf-0070-cleanspace-ultra-jedn-p3-filtr\/","title":{"rendered":"PAF-0070 CleanSpace ULTRA jedn. P3 filtr"},"content":{"rendered":"","protected":false},"excerpt":{"rendered":"<p>Filtra\u010dno-ventila\u010dn\u00e1 jednotka so stup\u0148om krytia IP66 vyvinut\u00e1 pre pou\u017eitie v dekontamina\u010dn\u00fdch sprch\u00e1ch. Odstra\u0148ovanie azbestu; manipul\u00e1cia s chemik\u00e1liami; odstra\u0148ovanie olova; pri ohrozen\u00ed infek\u010dn\u00fdm materi\u00e1lom; z\u00e1chrann\u00e9 slu\u017eby<\/p>\n","protected":false},"featured_media":356012,"template":"","meta":{"_acf_changed":false,"inline_featured_image":false},"product_brand":[],"product_cat":[2146,2545,2544,2128],"product_tag":[1423],"class_list":{"0":"post-356010","1":"product","2":"type-product","3":"status-publish","4":"has-post-thumbnail","6":"product_cat-ochrana-dychacich-ciest","7":"product_cat-aktivne-dychacie-pristroje","8":"product_cat-respiratory-s-filtro-ventilacnou-jednotkou","9":"product_cat-ochranne-pomocky","10":"product_tag-cleanspace","11":"pa_velkost-uni","13":"first","14":"instock","15":"taxable","16":"shipping-taxable","17":"product-type-variable"},"acf":[],"_links":{"self":[{"href":"https:\/\/gajos.sk\/eshop\/wp-json\/wp\/v2\/product\/356010","targetHints":{"allow":["GET"]}}],"collection":[{"href":"https:\/\/gajos.sk\/eshop\/wp-json\/wp\/v2\/product"}],"about":[{"href":"https:\/\/gajos.sk\/eshop\/wp-json\/wp\/v2\/types\/product"}],"wp:featuredmedia":[{"embeddable":true,"href":"https:\/\/gajos.sk\/eshop\/wp-json\/wp\/v2\/media\/356012"}],"wp:attachment":[{"href":"https:\/\/gajos.sk\/eshop\/wp-json\/wp\/v2\/media?parent=356010"}],"wp:term":[{"taxonomy":"product_brand","embeddable":true,"href":"https:\/\/gajos.sk\/eshop\/wp-json\/wp\/v2\/product_brand?post=356010"},{"taxonomy":"product_cat","embeddable":true,"href":"https:\/\/gajos.sk\/eshop\/wp-json\/wp\/v2\/product_cat?post=356010"},{"taxonomy":"product_tag","embeddable":true,"href":"https:\/\/gajos.sk\/eshop\/wp-json\/wp\/v2\/product_tag?post=356010"}],"curies":[{"name":"wp","href":"https:\/\/api.w.org\/{rel}","templated":true}]}}