{"id":355867,"date":"2024-08-28T17:40:35","date_gmt":"2024-08-28T15:40:35","guid":{"rendered":"https:\/\/gajos.sk\/eshop\/p\/allyn-sortky\/"},"modified":"2026-04-11T17:52:11","modified_gmt":"2026-04-11T15:52:11","slug":"allyn-sortky","status":"publish","type":"product","link":"https:\/\/gajos.sk\/eshop\/p\/allyn-sortky\/","title":{"rendered":"ALLYN \u0161ortky"},"content":{"rendered":"","protected":false},"excerpt":{"rendered":"<p>\u2022 pracovn\u00e9 \u0161ortky pohodln\u00e9ho strihu \u2022 vhodn\u00e1 alternat\u00edva mont\u00e9rok na hor\u00face letn\u00e9 dni \u2022 reflexn\u00e9 doplnky 3M \u2022 celokovov\u00e9 zipsy a cvoky<\/p>\n","protected":false},"featured_media":355869,"template":"","meta":{"_acf_changed":false,"inline_featured_image":false},"product_brand":[],"product_cat":[2133,2121,2126],"product_tag":[1343],"class_list":{"0":"post-355867","1":"product","2":"type-product","3":"status-publish","4":"has-post-thumbnail","6":"product_cat-sortky","7":"product_cat-odevy","8":"product_cat-nohavice-a-overaly","9":"product_tag-australian-line","10":"pa_farba-biela-siva","11":"pa_velkost-3155","12":"pa_velkost-3157","13":"pa_velkost-3158","14":"pa_velkost-3159","16":"first","17":"instock","18":"taxable","19":"shipping-taxable","20":"product-type-variable"},"acf":[],"_links":{"self":[{"href":"https:\/\/gajos.sk\/eshop\/wp-json\/wp\/v2\/product\/355867","targetHints":{"allow":["GET"]}}],"collection":[{"href":"https:\/\/gajos.sk\/eshop\/wp-json\/wp\/v2\/product"}],"about":[{"href":"https:\/\/gajos.sk\/eshop\/wp-json\/wp\/v2\/types\/product"}],"wp:featuredmedia":[{"embeddable":true,"href":"https:\/\/gajos.sk\/eshop\/wp-json\/wp\/v2\/media\/355869"}],"wp:attachment":[{"href":"https:\/\/gajos.sk\/eshop\/wp-json\/wp\/v2\/media?parent=355867"}],"wp:term":[{"taxonomy":"product_brand","embeddable":true,"href":"https:\/\/gajos.sk\/eshop\/wp-json\/wp\/v2\/product_brand?post=355867"},{"taxonomy":"product_cat","embeddable":true,"href":"https:\/\/gajos.sk\/eshop\/wp-json\/wp\/v2\/product_cat?post=355867"},{"taxonomy":"product_tag","embeddable":true,"href":"https:\/\/gajos.sk\/eshop\/wp-json\/wp\/v2\/product_tag?post=355867"}],"curies":[{"name":"wp","href":"https:\/\/api.w.org\/{rel}","templated":true}]}}