{"id":355863,"date":"2024-08-27T17:38:13","date_gmt":"2024-08-27T15:38:13","guid":{"rendered":"https:\/\/gajos.sk\/eshop\/p\/zastera-bat-lightinox-55x70cm\/"},"modified":"2026-04-25T21:44:51","modified_gmt":"2026-04-25T19:44:51","slug":"zastera-bat-lightinox-55x70cm","status":"publish","type":"product","link":"https:\/\/gajos.sk\/eshop\/p\/zastera-bat-lightinox-55x70cm\/","title":{"rendered":"Z\u00e1stera B\u00c1T LIGHTINOX 55x70cm"},"content":{"rendered":"","protected":false},"excerpt":{"rendered":"<p>\u2022 ochrann\u00e1 z\u00e1stera zo 100 % nehrdzavej\u00facej ocele poskytuje vynikaj\u00facu ochranu tela, pohodlie, pru\u017enos\u0165 a odolnos\u0165 pre bezpe\u010dn\u00fa pr\u00e1cu \u2022 horn\u00e1 \u010das\u0165 z\u00e1stery je vybaven\u00e1 \u0161tyrmi upev\u0148ovac\u00edmi bodmi \u2022 rad LIGHTINOX sa odpor\u00fa\u010da pri pou\u017e\u00edvan\u00ed ru\u010dn\u00fdch no\u017eov alebo rezn\u00fdch n\u00e1strojov v m\u00e4siarstve, najm\u00e4 pri vykos\u0165ovan\u00ed alebo porciovan\u00ed m\u00e4sa a r\u00fdb \u2022 nesmie sa pou\u017e\u00edva\u0165 na ochranu pred nebezpe\u010denstvom spojen\u00fdm s pohybuj\u00facimi sa strojmi \u2022 sie\u0165ovina z nehrdzavej\u00facej ocele z\u00e1stery LIGHTINOX je schv\u00e1len\u00e1 na styk s potravinami \u2022 z\u00e1steru mo\u017eno \u010disti\u0165 vhodnou pracou pi\u0161to\u013eou, nam\u00e1\u010dan\u00edm, intenz\u00edvnym kefovan\u00edm alebo v pr\u00e1\u010dke \u2022 vo v\u0161etk\u00fdch pr\u00edpadoch mus\u00ed ma\u0165 voda s pridan\u00fdm v\u00fdrobkom maxim\u00e1lnu teplotu 63 \u00b0C \u2022 uchov\u00e1vajte v chlade a suchu \u2022 \u0161\u00edrka 55 cm a v\u00fd\u0161ka 70 cm<\/p>\n","protected":false},"featured_media":355865,"template":"","meta":{"_acf_changed":false,"inline_featured_image":false},"product_brand":[],"product_cat":[2121],"product_tag":[1329],"class_list":{"0":"post-355863","1":"product","2":"type-product","3":"status-publish","4":"has-post-thumbnail","6":"product_cat-odevy","7":"product_tag-batmetall","8":"pa_velkost-uni","10":"first","11":"instock","12":"taxable","13":"shipping-taxable","14":"purchasable","15":"product-type-variable"},"acf":[],"_links":{"self":[{"href":"https:\/\/gajos.sk\/eshop\/wp-json\/wp\/v2\/product\/355863","targetHints":{"allow":["GET"]}}],"collection":[{"href":"https:\/\/gajos.sk\/eshop\/wp-json\/wp\/v2\/product"}],"about":[{"href":"https:\/\/gajos.sk\/eshop\/wp-json\/wp\/v2\/types\/product"}],"wp:featuredmedia":[{"embeddable":true,"href":"https:\/\/gajos.sk\/eshop\/wp-json\/wp\/v2\/media\/355865"}],"wp:attachment":[{"href":"https:\/\/gajos.sk\/eshop\/wp-json\/wp\/v2\/media?parent=355863"}],"wp:term":[{"taxonomy":"product_brand","embeddable":true,"href":"https:\/\/gajos.sk\/eshop\/wp-json\/wp\/v2\/product_brand?post=355863"},{"taxonomy":"product_cat","embeddable":true,"href":"https:\/\/gajos.sk\/eshop\/wp-json\/wp\/v2\/product_cat?post=355863"},{"taxonomy":"product_tag","embeddable":true,"href":"https:\/\/gajos.sk\/eshop\/wp-json\/wp\/v2\/product_tag?post=355863"}],"curies":[{"name":"wp","href":"https:\/\/api.w.org\/{rel}","templated":true}]}}