{"id":355107,"date":"2024-06-10T17:02:30","date_gmt":"2024-06-10T15:02:30","guid":{"rendered":"https:\/\/gajos.sk\/eshop\/p\/corax-rukavice-blistr\/"},"modified":"2026-04-25T21:03:27","modified_gmt":"2026-04-25T19:03:27","slug":"corax-rukavice-blistr","status":"publish","type":"product","link":"https:\/\/gajos.sk\/eshop\/p\/corax-rukavice-blistr\/","title":{"rendered":"CORAX rukavice blistr"},"content":{"rendered":"","protected":false},"excerpt":{"rendered":"<p>\u2022 rukavice \u0161it\u00e9 zo syntetick\u00e9ho materi\u00e1lu s vlastnos\u0165ami jemnej \u0161tiepanej usne \u2022 s proti\u0161mykov\u00fdmi potla\u010dami na prstoch \u2022 zosilnenou \u00fachopovou plochou v dlani \u2022 jemnou nylonovou tkaninou na bokoch prstov zais\u0165uj\u00facou \u013eahk\u00fa pohyblivos\u0165 \u2022 nastavite\u013en\u00e1 man\u017eeta na such\u00fd zips<\/p>\n","protected":false},"featured_media":355109,"template":"","meta":{"_acf_changed":false,"inline_featured_image":false},"product_brand":[],"product_cat":[2150,2124],"product_tag":[1179],"class_list":{"0":"post-355107","1":"product","2":"type-product","3":"status-publish","4":"has-post-thumbnail","6":"product_cat-kozene-kombinovane","7":"product_cat-rukavice","8":"product_tag-cerva","9":"pa_velkost-3050","10":"pa_velkost-3051","11":"pa_velkost-3052","12":"pa_velkost-3057","14":"first","15":"instock","16":"taxable","17":"shipping-taxable","18":"purchasable","19":"product-type-variable"},"acf":[],"_links":{"self":[{"href":"https:\/\/gajos.sk\/eshop\/wp-json\/wp\/v2\/product\/355107","targetHints":{"allow":["GET"]}}],"collection":[{"href":"https:\/\/gajos.sk\/eshop\/wp-json\/wp\/v2\/product"}],"about":[{"href":"https:\/\/gajos.sk\/eshop\/wp-json\/wp\/v2\/types\/product"}],"wp:featuredmedia":[{"embeddable":true,"href":"https:\/\/gajos.sk\/eshop\/wp-json\/wp\/v2\/media\/355109"}],"wp:attachment":[{"href":"https:\/\/gajos.sk\/eshop\/wp-json\/wp\/v2\/media?parent=355107"}],"wp:term":[{"taxonomy":"product_brand","embeddable":true,"href":"https:\/\/gajos.sk\/eshop\/wp-json\/wp\/v2\/product_brand?post=355107"},{"taxonomy":"product_cat","embeddable":true,"href":"https:\/\/gajos.sk\/eshop\/wp-json\/wp\/v2\/product_cat?post=355107"},{"taxonomy":"product_tag","embeddable":true,"href":"https:\/\/gajos.sk\/eshop\/wp-json\/wp\/v2\/product_tag?post=355107"}],"curies":[{"name":"wp","href":"https:\/\/api.w.org\/{rel}","templated":true}]}}