{"id":355046,"date":"2024-06-06T17:08:39","date_gmt":"2024-06-06T15:08:39","guid":{"rendered":"https:\/\/gajos.sk\/eshop\/p\/x-509-s3-esd-src-poltopanka\/"},"modified":"2026-04-25T21:12:48","modified_gmt":"2026-04-25T19:12:48","slug":"x-509-s3-esd-src-poltopanka","status":"publish","type":"product","link":"https:\/\/gajos.sk\/eshop\/p\/x-509-s3-esd-src-poltopanka\/","title":{"rendered":"X-509 S3 ESD SRC poltop\u00e1nka"},"content":{"rendered":"","protected":false},"excerpt":{"rendered":"<p>\u2022 univerz\u00e1lna bezpe\u010dnostn\u00e1 obuv vysokej kvality na podr\u00e1\u017eke z PU s dvojitou hustotou \u2022 v\u010faka dodato\u010dnej technol\u00f3gii SMOOSH Rebound v p\u00e4te maj\u00fa zv\u00fd\u0161en\u00fa schopnos\u0165 absorpcie energie, \u010do zvy\u0161uje celkov\u00fd komfort pre pou\u017e\u00edvate\u013ea a dlhodob\u00e9 nosenie<\/p>\n","protected":false},"featured_media":355048,"template":"","meta":{"_acf_changed":false,"inline_featured_image":false},"product_brand":[],"product_cat":[2142,2158],"product_tag":[1198],"class_list":{"0":"post-355046","1":"product","2":"type-product","3":"status-publish","4":"has-post-thumbnail","6":"product_cat-obuv","7":"product_cat-poltopanky","8":"product_tag-to-work-for","9":"pa_farba-cierna","10":"pa_velkost-3116","11":"pa_velkost-3117","12":"pa_velkost-3118","13":"pa_velkost-3119","14":"pa_velkost-3109","15":"pa_velkost-3120","16":"pa_velkost-3110","17":"pa_velkost-3121","18":"pa_velkost-3111","19":"pa_velkost-3112","20":"pa_velkost-3113","21":"pa_velkost-3114","22":"pa_velkost-3115","24":"first","25":"instock","26":"taxable","27":"shipping-taxable","28":"purchasable","29":"product-type-variable"},"acf":[],"_links":{"self":[{"href":"https:\/\/gajos.sk\/eshop\/wp-json\/wp\/v2\/product\/355046","targetHints":{"allow":["GET"]}}],"collection":[{"href":"https:\/\/gajos.sk\/eshop\/wp-json\/wp\/v2\/product"}],"about":[{"href":"https:\/\/gajos.sk\/eshop\/wp-json\/wp\/v2\/types\/product"}],"wp:featuredmedia":[{"embeddable":true,"href":"https:\/\/gajos.sk\/eshop\/wp-json\/wp\/v2\/media\/355048"}],"wp:attachment":[{"href":"https:\/\/gajos.sk\/eshop\/wp-json\/wp\/v2\/media?parent=355046"}],"wp:term":[{"taxonomy":"product_brand","embeddable":true,"href":"https:\/\/gajos.sk\/eshop\/wp-json\/wp\/v2\/product_brand?post=355046"},{"taxonomy":"product_cat","embeddable":true,"href":"https:\/\/gajos.sk\/eshop\/wp-json\/wp\/v2\/product_cat?post=355046"},{"taxonomy":"product_tag","embeddable":true,"href":"https:\/\/gajos.sk\/eshop\/wp-json\/wp\/v2\/product_tag?post=355046"}],"curies":[{"name":"wp","href":"https:\/\/api.w.org\/{rel}","templated":true}]}}