{"id":355022,"date":"2024-05-20T17:06:29","date_gmt":"2024-05-20T15:06:29","guid":{"rendered":"https:\/\/gajos.sk\/eshop\/p\/ansell-11-738-hyflex-rukavice\/"},"modified":"2026-04-25T21:10:45","modified_gmt":"2026-04-25T19:10:45","slug":"ansell-11-738-hyflex-rukavice","status":"publish","type":"product","link":"https:\/\/gajos.sk\/eshop\/p\/ansell-11-738-hyflex-rukavice\/","title":{"rendered":"Ansell 11-738 Hyflex rukavice"},"content":{"rendered":"","protected":false},"excerpt":{"rendered":"<p>Vysoce odoln\u00e9 rukavice odoln\u00e9 proti pro\u0159\u00edznut\u00ed, se siln\u00fdmi sm\u011bsov\u00fdmi vl\u00e1kny a zes\u00edlen\u00fdm rozkrokem palce.<br \/>\nEN 388: 4X42D<\/p>\n<p>    Zv\u00fd\u0161en\u00e1 obranyschopnost: P\u0159\u00edze INTERCEPT Cut Resistance Technology pr\u016fmyslov\u00fdch rukavic HyFlex\u00ae 11-738, sm\u00ed\u0161en\u00e1 s nylonem, lycrou a zes\u00edlen\u00fdmi vl\u00e1kny, zaji\u0161\u0165uje vysokou odolnost proti pro\u0159\u00edznut\u00ed.<br \/>\n    Pokro\u010dil\u00e1 odolnost: Technologie FORTIX\u2122 odoln\u00e1 proti od\u011bru zaji\u0161\u0165uje dlouhotrvaj\u00edc\u00ed \u017eivotnost<br \/>\n    C\u00edlen\u00e1 ochrana: Zes\u00edlen\u00fd rozkrok palce bezpe\u010dnostn\u00edch rukavic HyFlex\u00ae 11-738 zaji\u0161\u0165uje 12x v\u011bt\u0161\u00ed odolnost ne\u017e u nezes\u00edlen\u00fdch konkuren\u010dn\u00edch rukavic.<br \/>\n    Zv\u00fd\u0161en\u00fd komfort: Polyuretanov\u00fd a nitrilov\u00fd povlak na vodn\u00ed b\u00e1zi zlep\u0161uje p\u0159ilnavost a z\u00e1rove\u0148 zvy\u0161uje pohodl\u00ed a obratnost.<br \/>\n    Certifikov\u00e1no jako \u0161etrn\u00e9 k poko\u017ece a nez\u00e1vadn\u00e9: Jsou schv\u00e1leny spole\u010dnost\u00ed Dermatest\u00ae, neobsahuj\u00ed rozpou\u0161t\u011bdla a maj\u00ed certifik\u00e1t Oekotex\u00ae, \u017ee neobsahuj\u00ed \u0161kodliv\u00e9 l\u00e1tky.<br \/>\n    Bez silikonu: Rukavice HyFlex\u00ae 11-738 PPE neobsahuj\u00ed silikon, co\u017e zabra\u0148uje p\u0159enosu ne\u010distot na kov p\u0159ed lakov\u00e1n\u00edm.<\/p>\n<p>Doporu\u010deno pro<\/p>\n<p>    Manipulace s p\u0159edm\u011bty s ostr\u00fdmi hranami, p\u0159\u00edpravn\u00e9 pr\u00e1ce u mont\u00e1\u017e\u00ed, \u0159ez\u00e1n\u00ed mal\u00fdch, such\u00fdch nebo lehce zaolejovan\u00fdch d\u00edl\u016f a \u00fadr\u017eba<br \/>\n    Manipulace s tabulov\u00fdm sklem a p\u0159edm\u011bty s ostr\u00fdmi hranami<br \/>\n    Manipulace s tabulov\u00fdm plechem, \u0159ez\u00e1n\u00ed such\u00fdch, lakovan\u00fdch nebo galvanizovan\u00fdch d\u00edl\u016f<\/p>\n","protected":false},"featured_media":0,"template":"","meta":{"_acf_changed":false,"inline_featured_image":false},"product_brand":[],"product_cat":[2124],"product_tag":[1219],"class_list":{"0":"post-355022","1":"product","2":"type-product","3":"status-publish","5":"product_cat-rukavice","6":"product_tag-ansell","7":"pa_velkost-3050","8":"pa_velkost-3051","9":"pa_velkost-3052","10":"pa_velkost-3057","11":"pa_velkost-3058","12":"pa_velkost-3062","14":"first","15":"instock","16":"taxable","17":"shipping-taxable","18":"purchasable","19":"product-type-variable"},"acf":[],"_links":{"self":[{"href":"https:\/\/gajos.sk\/eshop\/wp-json\/wp\/v2\/product\/355022","targetHints":{"allow":["GET"]}}],"collection":[{"href":"https:\/\/gajos.sk\/eshop\/wp-json\/wp\/v2\/product"}],"about":[{"href":"https:\/\/gajos.sk\/eshop\/wp-json\/wp\/v2\/types\/product"}],"wp:attachment":[{"href":"https:\/\/gajos.sk\/eshop\/wp-json\/wp\/v2\/media?parent=355022"}],"wp:term":[{"taxonomy":"product_brand","embeddable":true,"href":"https:\/\/gajos.sk\/eshop\/wp-json\/wp\/v2\/product_brand?post=355022"},{"taxonomy":"product_cat","embeddable":true,"href":"https:\/\/gajos.sk\/eshop\/wp-json\/wp\/v2\/product_cat?post=355022"},{"taxonomy":"product_tag","embeddable":true,"href":"https:\/\/gajos.sk\/eshop\/wp-json\/wp\/v2\/product_tag?post=355022"}],"curies":[{"name":"wp","href":"https:\/\/api.w.org\/{rel}","templated":true}]}}