{"id":354756,"date":"2024-04-05T19:07:09","date_gmt":"2024-04-05T17:07:09","guid":{"rendered":"https:\/\/gajostest.a2hosted.com\/eshop\/os-kirkeby-ponozky\/"},"modified":"2026-04-11T17:52:12","modified_gmt":"2026-04-11T15:52:12","slug":"os-kirkeby-ponozky","status":"publish","type":"product","link":"https:\/\/gajos.sk\/eshop\/p\/os-kirkeby-ponozky\/","title":{"rendered":"OS KIRKEBY pono\u017eky"},"content":{"rendered":"","protected":false},"excerpt":{"rendered":"<p>\u2022 univerz\u00e1lne pono\u017eky pre pracovn\u00e9 i outdoorov\u00e9 vyu\u017eitie, ktor\u00e9 v\u010faka svojmu unik\u00e1tnemu materi\u00e1lov\u00e9mu zlo\u017eeniu zis\u0165uj\u00fa komfort i pri celodennej n\u00e1ro\u010dnej aktivite \u2022 votk\u00e1van\u00e9 logo OS v oblasti \u010dlenka<\/p>\n","protected":false},"featured_media":354758,"template":"","meta":{"_acf_changed":false,"inline_featured_image":false},"product_brand":[],"product_cat":[3561,3562,2121],"product_tag":[1240],"class_list":{"0":"post-354756","1":"product","2":"type-product","3":"status-publish","4":"has-post-thumbnail","6":"product_cat-ostatne-odevy-2","7":"product_cat-ponozky-ostatne-odevy-2","8":"product_cat-odevy","9":"product_tag-os","10":"pa_farba-biela","11":"pa_velkost-c-41","12":"pa_velkost-c-39","13":"pa_velkost-c-37","14":"pa_velkost-c-45","15":"pa_velkost-c-43","17":"first","18":"instock","19":"taxable","20":"shipping-taxable","21":"product-type-variable"},"acf":[],"_links":{"self":[{"href":"https:\/\/gajos.sk\/eshop\/wp-json\/wp\/v2\/product\/354756","targetHints":{"allow":["GET"]}}],"collection":[{"href":"https:\/\/gajos.sk\/eshop\/wp-json\/wp\/v2\/product"}],"about":[{"href":"https:\/\/gajos.sk\/eshop\/wp-json\/wp\/v2\/types\/product"}],"wp:featuredmedia":[{"embeddable":true,"href":"https:\/\/gajos.sk\/eshop\/wp-json\/wp\/v2\/media\/354758"}],"wp:attachment":[{"href":"https:\/\/gajos.sk\/eshop\/wp-json\/wp\/v2\/media?parent=354756"}],"wp:term":[{"taxonomy":"product_brand","embeddable":true,"href":"https:\/\/gajos.sk\/eshop\/wp-json\/wp\/v2\/product_brand?post=354756"},{"taxonomy":"product_cat","embeddable":true,"href":"https:\/\/gajos.sk\/eshop\/wp-json\/wp\/v2\/product_cat?post=354756"},{"taxonomy":"product_tag","embeddable":true,"href":"https:\/\/gajos.sk\/eshop\/wp-json\/wp\/v2\/product_tag?post=354756"}],"curies":[{"name":"wp","href":"https:\/\/api.w.org\/{rel}","templated":true}]}}