{"id":354364,"date":"2024-03-02T00:01:12","date_gmt":"2024-03-01T23:01:12","guid":{"rendered":"https:\/\/gajostest.a2hosted.com\/eshop\/neurum-taska-na-opasok\/"},"modified":"2026-04-04T22:12:05","modified_gmt":"2026-04-04T20:12:05","slug":"neurum-taska-na-opasok","status":"publish","type":"product","link":"https:\/\/gajos.sk\/eshop\/p\/neurum-taska-na-opasok\/","title":{"rendered":"NEURUM ta\u0161ka na opasok"},"content":{"rendered":"","protected":false},"excerpt":{"rendered":"<p>multifuk\u010dn\u00ed t\u0159\u00ed prostorov\u00e1 ledvinka v modern\u00edm mask\u00e1\u010dov\u00e9m vzoru, 1 vnit\u0159n\u00ed kapsa na zip, pasov\u00fd popruh s nastaven\u00edm d\u00e9lky a up\u00edn\u00e1n\u00edm na sponu<\/p>\n","protected":false},"featured_media":354366,"template":"","meta":{"_acf_changed":false,"inline_featured_image":false},"product_brand":[],"product_cat":[2121,2152,2140],"product_tag":[1179],"class_list":{"0":"post-354364","1":"product","2":"type-product","3":"status-publish","4":"has-post-thumbnail","6":"product_cat-odevy","7":"product_cat-prislusenstvo","8":"product_cat-ostatne-odevy","9":"product_tag-cerva","10":"pa_farba-navy","11":"pa_farba-antracit","12":"pa_farba-petrolejova","13":"pa_farba-tm-olivova","15":"first","16":"instock","17":"taxable","18":"shipping-taxable","19":"purchasable","20":"product-type-variable"},"acf":[],"_links":{"self":[{"href":"https:\/\/gajos.sk\/eshop\/wp-json\/wp\/v2\/product\/354364","targetHints":{"allow":["GET"]}}],"collection":[{"href":"https:\/\/gajos.sk\/eshop\/wp-json\/wp\/v2\/product"}],"about":[{"href":"https:\/\/gajos.sk\/eshop\/wp-json\/wp\/v2\/types\/product"}],"wp:featuredmedia":[{"embeddable":true,"href":"https:\/\/gajos.sk\/eshop\/wp-json\/wp\/v2\/media\/354366"}],"wp:attachment":[{"href":"https:\/\/gajos.sk\/eshop\/wp-json\/wp\/v2\/media?parent=354364"}],"wp:term":[{"taxonomy":"product_brand","embeddable":true,"href":"https:\/\/gajos.sk\/eshop\/wp-json\/wp\/v2\/product_brand?post=354364"},{"taxonomy":"product_cat","embeddable":true,"href":"https:\/\/gajos.sk\/eshop\/wp-json\/wp\/v2\/product_cat?post=354364"},{"taxonomy":"product_tag","embeddable":true,"href":"https:\/\/gajos.sk\/eshop\/wp-json\/wp\/v2\/product_tag?post=354364"}],"curies":[{"name":"wp","href":"https:\/\/api.w.org\/{rel}","templated":true}]}}