{"id":354346,"date":"2024-03-02T00:01:04","date_gmt":"2024-03-01T23:01:04","guid":{"rendered":"https:\/\/gajostest.a2hosted.com\/eshop\/klips-na-rukavice\/"},"modified":"2026-05-07T21:56:00","modified_gmt":"2026-05-07T19:56:00","slug":"klips-na-rukavice","status":"publish","type":"product","link":"https:\/\/gajos.sk\/eshop\/p\/klips-na-rukavice\/","title":{"rendered":"Klips na rukavice"},"content":{"rendered":"","protected":false},"excerpt":{"rendered":"<p>\u2022 klips\u0148a na zavesenie rukav\u00edc, k\u013e\u00fa\u010dov, \u010diapky na odev, batoh at\u010f. \u2022 v\u010faka nej svoje rukavice nestrat\u00edte<\/p>\n","protected":false},"featured_media":354348,"template":"","meta":{"_acf_changed":false,"inline_featured_image":false},"product_brand":[],"product_cat":[2124,2484],"product_tag":[1179],"class_list":{"0":"post-354346","1":"product","2":"type-product","3":"status-publish","4":"has-post-thumbnail","6":"product_cat-rukavice","7":"product_cat-prislusenstvo-rukavice","8":"product_tag-cerva","9":"pa_farba-zlta","11":"first","12":"instock","13":"taxable","14":"shipping-taxable","15":"purchasable","16":"product-type-variable"},"acf":[],"_links":{"self":[{"href":"https:\/\/gajos.sk\/eshop\/wp-json\/wp\/v2\/product\/354346","targetHints":{"allow":["GET"]}}],"collection":[{"href":"https:\/\/gajos.sk\/eshop\/wp-json\/wp\/v2\/product"}],"about":[{"href":"https:\/\/gajos.sk\/eshop\/wp-json\/wp\/v2\/types\/product"}],"wp:featuredmedia":[{"embeddable":true,"href":"https:\/\/gajos.sk\/eshop\/wp-json\/wp\/v2\/media\/354348"}],"wp:attachment":[{"href":"https:\/\/gajos.sk\/eshop\/wp-json\/wp\/v2\/media?parent=354346"}],"wp:term":[{"taxonomy":"product_brand","embeddable":true,"href":"https:\/\/gajos.sk\/eshop\/wp-json\/wp\/v2\/product_brand?post=354346"},{"taxonomy":"product_cat","embeddable":true,"href":"https:\/\/gajos.sk\/eshop\/wp-json\/wp\/v2\/product_cat?post=354346"},{"taxonomy":"product_tag","embeddable":true,"href":"https:\/\/gajos.sk\/eshop\/wp-json\/wp\/v2\/product_tag?post=354346"}],"curies":[{"name":"wp","href":"https:\/\/api.w.org\/{rel}","templated":true}]}}