{"id":354331,"date":"2024-03-01T23:59:58","date_gmt":"2024-03-01T22:59:58","guid":{"rendered":"https:\/\/gajostest.a2hosted.com\/eshop\/figurina-panska-mpr-71\/"},"modified":"2026-04-20T00:57:55","modified_gmt":"2026-04-19T22:57:55","slug":"figurina-panska-mpr-71","status":"publish","type":"product","link":"https:\/\/gajos.sk\/eshop\/p\/figurina-panska-mpr-71\/","title":{"rendered":"Figur\u00edna p\u00e1nsk\u00e1 &#8211; MPR-71"},"content":{"rendered":"","protected":false},"excerpt":{"rendered":"","protected":false},"featured_media":354333,"template":"","meta":{"_acf_changed":false,"inline_featured_image":false},"product_brand":[],"product_cat":[2131,2637],"product_tag":[1179],"class_list":{"0":"post-354331","1":"product","2":"type-product","3":"status-publish","4":"has-post-thumbnail","6":"product_cat-ostatne","7":"product_cat-doplnky-do-obchodov","8":"product_tag-cerva","9":"pa_velkost-uni","11":"first","12":"instock","13":"taxable","14":"shipping-taxable","15":"product-type-variable"},"acf":[],"_links":{"self":[{"href":"https:\/\/gajos.sk\/eshop\/wp-json\/wp\/v2\/product\/354331","targetHints":{"allow":["GET"]}}],"collection":[{"href":"https:\/\/gajos.sk\/eshop\/wp-json\/wp\/v2\/product"}],"about":[{"href":"https:\/\/gajos.sk\/eshop\/wp-json\/wp\/v2\/types\/product"}],"wp:featuredmedia":[{"embeddable":true,"href":"https:\/\/gajos.sk\/eshop\/wp-json\/wp\/v2\/media\/354333"}],"wp:attachment":[{"href":"https:\/\/gajos.sk\/eshop\/wp-json\/wp\/v2\/media?parent=354331"}],"wp:term":[{"taxonomy":"product_brand","embeddable":true,"href":"https:\/\/gajos.sk\/eshop\/wp-json\/wp\/v2\/product_brand?post=354331"},{"taxonomy":"product_cat","embeddable":true,"href":"https:\/\/gajos.sk\/eshop\/wp-json\/wp\/v2\/product_cat?post=354331"},{"taxonomy":"product_tag","embeddable":true,"href":"https:\/\/gajos.sk\/eshop\/wp-json\/wp\/v2\/product_tag?post=354331"}],"curies":[{"name":"wp","href":"https:\/\/api.w.org\/{rel}","templated":true}]}}