{"id":354328,"date":"2024-03-01T23:59:53","date_gmt":"2024-03-01T22:59:53","guid":{"rendered":"https:\/\/gajostest.a2hosted.com\/eshop\/cerva-papierova-taska-prirodna-54x14x44\/"},"modified":"2026-04-20T00:57:55","modified_gmt":"2026-04-19T22:57:55","slug":"cerva-papierova-taska-prirodna-54x14x44","status":"publish","type":"product","link":"https:\/\/gajos.sk\/eshop\/p\/cerva-papierova-taska-prirodna-54x14x44\/","title":{"rendered":"CERVA papierov\u00e1 ta\u0161ka pr\u00edrodn\u00e1 54x14x44"},"content":{"rendered":"","protected":false},"excerpt":{"rendered":"","protected":false},"featured_media":354330,"template":"","meta":{"_acf_changed":false,"inline_featured_image":false},"product_brand":[],"product_cat":[2131,2637],"product_tag":[1179],"class_list":{"0":"post-354328","1":"product","2":"type-product","3":"status-publish","4":"has-post-thumbnail","6":"product_cat-ostatne","7":"product_cat-doplnky-do-obchodov","8":"product_tag-cerva","9":"pa_velkost-uni","11":"first","12":"instock","13":"taxable","14":"shipping-taxable","15":"purchasable","16":"product-type-variable"},"acf":[],"_links":{"self":[{"href":"https:\/\/gajos.sk\/eshop\/wp-json\/wp\/v2\/product\/354328","targetHints":{"allow":["GET"]}}],"collection":[{"href":"https:\/\/gajos.sk\/eshop\/wp-json\/wp\/v2\/product"}],"about":[{"href":"https:\/\/gajos.sk\/eshop\/wp-json\/wp\/v2\/types\/product"}],"wp:featuredmedia":[{"embeddable":true,"href":"https:\/\/gajos.sk\/eshop\/wp-json\/wp\/v2\/media\/354330"}],"wp:attachment":[{"href":"https:\/\/gajos.sk\/eshop\/wp-json\/wp\/v2\/media?parent=354328"}],"wp:term":[{"taxonomy":"product_brand","embeddable":true,"href":"https:\/\/gajos.sk\/eshop\/wp-json\/wp\/v2\/product_brand?post=354328"},{"taxonomy":"product_cat","embeddable":true,"href":"https:\/\/gajos.sk\/eshop\/wp-json\/wp\/v2\/product_cat?post=354328"},{"taxonomy":"product_tag","embeddable":true,"href":"https:\/\/gajos.sk\/eshop\/wp-json\/wp\/v2\/product_tag?post=354328"}],"curies":[{"name":"wp","href":"https:\/\/api.w.org\/{rel}","templated":true}]}}