{"id":354139,"date":"2024-03-01T23:55:57","date_gmt":"2024-03-01T22:55:57","guid":{"rendered":"https:\/\/gajostest.a2hosted.com\/eshop\/predlzovacka-5z-10m\/"},"modified":"2026-04-11T17:51:52","modified_gmt":"2026-04-11T15:51:52","slug":"predlzovacka-5z-10m","status":"publish","type":"product","link":"https:\/\/gajos.sk\/eshop\/p\/predlzovacka-5z-10m\/","title":{"rendered":"Predl\u017eova\u010dka 5Z 10M"},"content":{"rendered":"","protected":false},"excerpt":{"rendered":"<p>typ E0510 (HE0510), ~250 V \/ 10 A max. \u2022 d\u013a\u017eka: 10 m, vodi\u010d: H05VV-F3G 1 mm2 \u2022 predajn\u00fd obal: 1 ks, z\u00e1ves<\/p>\n","protected":false},"featured_media":354141,"template":"","meta":{"_acf_changed":false,"inline_featured_image":false},"product_brand":[],"product_cat":[2591,2131],"product_tag":[2593],"class_list":{"0":"post-354139","1":"product","2":"type-product","3":"status-publish","4":"has-post-thumbnail","6":"product_cat-elektricky","7":"product_cat-ostatne","8":"product_tag-emos","9":"pa_velkost-uni","11":"first","12":"instock","13":"taxable","14":"shipping-taxable","15":"product-type-variable"},"acf":[],"_links":{"self":[{"href":"https:\/\/gajos.sk\/eshop\/wp-json\/wp\/v2\/product\/354139","targetHints":{"allow":["GET"]}}],"collection":[{"href":"https:\/\/gajos.sk\/eshop\/wp-json\/wp\/v2\/product"}],"about":[{"href":"https:\/\/gajos.sk\/eshop\/wp-json\/wp\/v2\/types\/product"}],"wp:featuredmedia":[{"embeddable":true,"href":"https:\/\/gajos.sk\/eshop\/wp-json\/wp\/v2\/media\/354141"}],"wp:attachment":[{"href":"https:\/\/gajos.sk\/eshop\/wp-json\/wp\/v2\/media?parent=354139"}],"wp:term":[{"taxonomy":"product_brand","embeddable":true,"href":"https:\/\/gajos.sk\/eshop\/wp-json\/wp\/v2\/product_brand?post=354139"},{"taxonomy":"product_cat","embeddable":true,"href":"https:\/\/gajos.sk\/eshop\/wp-json\/wp\/v2\/product_cat?post=354139"},{"taxonomy":"product_tag","embeddable":true,"href":"https:\/\/gajos.sk\/eshop\/wp-json\/wp\/v2\/product_tag?post=354139"}],"curies":[{"name":"wp","href":"https:\/\/api.w.org\/{rel}","templated":true}]}}