{"id":354127,"date":"2024-03-01T23:55:47","date_gmt":"2024-03-01T22:55:47","guid":{"rendered":"https:\/\/gajostest.a2hosted.com\/eshop\/led-svietidlo-3xaaa-3w-cob-p3888\/"},"modified":"2026-04-18T01:58:48","modified_gmt":"2026-04-17T23:58:48","slug":"led-svietidlo-3xaaa-3w-cob-p3888","status":"publish","type":"product","link":"https:\/\/gajos.sk\/eshop\/p\/led-svietidlo-3xaaa-3w-cob-p3888\/","title":{"rendered":"LED svietidlo 3xAAA 3W COB P3888"},"content":{"rendered":"","protected":false},"excerpt":{"rendered":"<p>pou\u017eitie: pr\u00e1ca \u2022 zdroj svetla: 3 W COB LED \u2022 re\u017eimy: zapnut\u00e9, vypnut\u00e9 \u2022 nab\u00edjanie: 3\u00d7 AAA 1,5 V (mikrotu\u017ekov\u00e1 bat\u00e9ria) \u2022 materi\u00e1l: ABS plast \u2022 dosvit: 20 m \u2022 doba svietenia: 20 hod\u00edn \u2022 maxim\u00e1lny sveteln\u00fd tok LED: a\u017e 200 lm \u2022 h\u00e1k: \u00e1no \u2022 magnet: \u00e1no \u2022 pr\u00edslu\u0161enstvo: l\u00e1macia rukov\u00e4\u0165 \u2022 rozmer: 60 \u00d7 30 \u00d7 132 mm \u2022 farba: \u010dierna, oran\u017eov\u00e1 \u2022 uchytenie \u017eiarovky: LED<\/p>\n","protected":false},"featured_media":354129,"template":"","meta":{"_acf_changed":false,"inline_featured_image":false},"product_brand":[],"product_cat":[2591,2131],"product_tag":[2593],"class_list":{"0":"post-354127","1":"product","2":"type-product","3":"status-publish","4":"has-post-thumbnail","6":"product_cat-elektricky","7":"product_cat-ostatne","8":"product_tag-emos","9":"pa_velkost-uni","11":"first","12":"instock","13":"taxable","14":"shipping-taxable","15":"purchasable","16":"product-type-variable"},"acf":[],"_links":{"self":[{"href":"https:\/\/gajos.sk\/eshop\/wp-json\/wp\/v2\/product\/354127","targetHints":{"allow":["GET"]}}],"collection":[{"href":"https:\/\/gajos.sk\/eshop\/wp-json\/wp\/v2\/product"}],"about":[{"href":"https:\/\/gajos.sk\/eshop\/wp-json\/wp\/v2\/types\/product"}],"wp:featuredmedia":[{"embeddable":true,"href":"https:\/\/gajos.sk\/eshop\/wp-json\/wp\/v2\/media\/354129"}],"wp:attachment":[{"href":"https:\/\/gajos.sk\/eshop\/wp-json\/wp\/v2\/media?parent=354127"}],"wp:term":[{"taxonomy":"product_brand","embeddable":true,"href":"https:\/\/gajos.sk\/eshop\/wp-json\/wp\/v2\/product_brand?post=354127"},{"taxonomy":"product_cat","embeddable":true,"href":"https:\/\/gajos.sk\/eshop\/wp-json\/wp\/v2\/product_cat?post=354127"},{"taxonomy":"product_tag","embeddable":true,"href":"https:\/\/gajos.sk\/eshop\/wp-json\/wp\/v2\/product_tag?post=354127"}],"curies":[{"name":"wp","href":"https:\/\/api.w.org\/{rel}","templated":true}]}}