{"id":354026,"date":"2024-03-01T23:54:00","date_gmt":"2024-03-01T22:54:00","guid":{"rendered":"https:\/\/gajostest.a2hosted.com\/eshop\/emerton-traky\/"},"modified":"2026-04-30T22:12:26","modified_gmt":"2026-04-30T20:12:26","slug":"emerton-traky","status":"publish","type":"product","link":"https:\/\/gajos.sk\/eshop\/p\/emerton-traky\/","title":{"rendered":"EMERTON traky"},"content":{"rendered":"","protected":false},"excerpt":{"rendered":"<p>polohovate\u013en\u00e9 vysoko flexibiln\u00e9 traky z pr\u00edjemn\u00e9ho materi\u00e1lu; \u0161\u00edrka 5 cm; kovov\u00e9 pracky<\/p>\n","protected":false},"featured_media":354028,"template":"","meta":{"_acf_changed":false,"inline_featured_image":false},"product_brand":[],"product_cat":[2121,2152,2140],"product_tag":[1343],"class_list":{"0":"post-354026","1":"product","2":"type-product","3":"status-publish","4":"has-post-thumbnail","6":"product_cat-odevy","7":"product_cat-prislusenstvo","8":"product_cat-ostatne-odevy","9":"product_tag-australian-line","10":"pa_velkost-uni","12":"first","13":"instock","14":"taxable","15":"shipping-taxable","16":"purchasable","17":"product-type-variable"},"acf":[],"_links":{"self":[{"href":"https:\/\/gajos.sk\/eshop\/wp-json\/wp\/v2\/product\/354026","targetHints":{"allow":["GET"]}}],"collection":[{"href":"https:\/\/gajos.sk\/eshop\/wp-json\/wp\/v2\/product"}],"about":[{"href":"https:\/\/gajos.sk\/eshop\/wp-json\/wp\/v2\/types\/product"}],"wp:featuredmedia":[{"embeddable":true,"href":"https:\/\/gajos.sk\/eshop\/wp-json\/wp\/v2\/media\/354028"}],"wp:attachment":[{"href":"https:\/\/gajos.sk\/eshop\/wp-json\/wp\/v2\/media?parent=354026"}],"wp:term":[{"taxonomy":"product_brand","embeddable":true,"href":"https:\/\/gajos.sk\/eshop\/wp-json\/wp\/v2\/product_brand?post=354026"},{"taxonomy":"product_cat","embeddable":true,"href":"https:\/\/gajos.sk\/eshop\/wp-json\/wp\/v2\/product_cat?post=354026"},{"taxonomy":"product_tag","embeddable":true,"href":"https:\/\/gajos.sk\/eshop\/wp-json\/wp\/v2\/product_tag?post=354026"}],"curies":[{"name":"wp","href":"https:\/\/api.w.org\/{rel}","templated":true}]}}