{"id":353994,"date":"2024-03-01T23:53:39","date_gmt":"2024-03-01T22:53:39","guid":{"rendered":"https:\/\/gajostest.a2hosted.com\/eshop\/flowflex-sars-cov-2-ag-rapid-test\/"},"modified":"2026-04-11T17:51:51","modified_gmt":"2026-04-11T15:51:51","slug":"flowflex-sars-cov-2-ag-rapid-test","status":"publish","type":"product","link":"https:\/\/gajos.sk\/eshop\/p\/flowflex-sars-cov-2-ag-rapid-test\/","title":{"rendered":"FLOWFLEX SARS Cov-2 Ag Rapid test"},"content":{"rendered":"","protected":false},"excerpt":{"rendered":"<p>Rychl\u00fd test na antigen nov\u00e9ho koronaviru (SARS-CoV-2) ur\u010den\u00fd pro samotestov\u00e1n\u00ed. SARS-CoV-2 rychl\u00fd antigenn\u00ed test je kvalitativn\u00ed membr\u00e1nov\u00e1 chromatografick\u00e1 imunometoda pro kvalitativn\u00ed detekci nukleokapsidov\u00e9ho proteinov\u00e9ho antigenu viru SARS-CoV-2 v lidsk\u00fdch vzorc\u00edch v\u00fdt\u011bru z nosu.<br \/>\nV\u00fdhody produktu<\/p>\n<p>    Spolehliv\u011b detekuje mutace Covid-19 jako je v sou\u010dastn\u00e9 dob\u011b N501Y z Velk\u00e9 Brit\u00e1nie a 502Y,V2 z Ji\u017en\u00ed Afriky.<br \/>\n    Dle rozhodnut\u00ed Ministerstva zdravotnictv\u00ed jsou tyto testy schv\u00e1leny k sebetestov\u00e1n\u00ed &#8211; ud\u011blena v\u00fdjimka pro antigenn\u00ed testy, vydan\u00e1 MZ\u010cR podle \u00a7 4 odst. 8 na\u0159\u00edzen\u00ed vl\u00e1dy \u010d. 56\/2015 Sb.<br \/>\n    CE Certifikace.<br \/>\n    Okam\u017eit\u00fd v\u00fdsledek za 15 minut.<br \/>\n    Snadn\u00e9 odebr\u00e1n\u00ed vzork\u016f z kraje nosu pouze do hloubky 2,5cm.<br \/>\n    V\u00fdsledky jsou jasn\u011b viditeln\u00e9.<br \/>\n    Nen\u00ed pot\u0159eba speci\u00e1ln\u00edho vybaven\u00ed.<br \/>\n    Vhodn\u00e9 pro rychl\u00e9 testov\u00e1n\u00ed vet\u0161\u00edch vzork\u016f.<br \/>\n    Relativn\u00ed citlivost: 97,1% (83,8% -99,9%) *.<br \/>\n    Relativn\u00ed specificita: 99,6% (97,7% -99,9%) *.<br \/>\n    P\u0159esnost: 99,3% (97,5% -99,9%) *.<\/p>\n","protected":false},"featured_media":353996,"template":"","meta":{"_acf_changed":false,"inline_featured_image":false},"product_brand":[],"product_cat":[2601,2131],"product_tag":[1179],"class_list":{"0":"post-353994","1":"product","2":"type-product","3":"status-publish","4":"has-post-thumbnail","6":"product_cat-prva-pomoc","7":"product_cat-ostatne","8":"product_tag-cerva","9":"pa_velkost-uni","11":"first","12":"instock","13":"taxable","14":"shipping-taxable","15":"product-type-variable"},"acf":[],"_links":{"self":[{"href":"https:\/\/gajos.sk\/eshop\/wp-json\/wp\/v2\/product\/353994","targetHints":{"allow":["GET"]}}],"collection":[{"href":"https:\/\/gajos.sk\/eshop\/wp-json\/wp\/v2\/product"}],"about":[{"href":"https:\/\/gajos.sk\/eshop\/wp-json\/wp\/v2\/types\/product"}],"wp:featuredmedia":[{"embeddable":true,"href":"https:\/\/gajos.sk\/eshop\/wp-json\/wp\/v2\/media\/353996"}],"wp:attachment":[{"href":"https:\/\/gajos.sk\/eshop\/wp-json\/wp\/v2\/media?parent=353994"}],"wp:term":[{"taxonomy":"product_brand","embeddable":true,"href":"https:\/\/gajos.sk\/eshop\/wp-json\/wp\/v2\/product_brand?post=353994"},{"taxonomy":"product_cat","embeddable":true,"href":"https:\/\/gajos.sk\/eshop\/wp-json\/wp\/v2\/product_cat?post=353994"},{"taxonomy":"product_tag","embeddable":true,"href":"https:\/\/gajos.sk\/eshop\/wp-json\/wp\/v2\/product_tag?post=353994"}],"curies":[{"name":"wp","href":"https:\/\/api.w.org\/{rel}","templated":true}]}}