{"id":353934,"date":"2024-03-01T23:51:52","date_gmt":"2024-03-01T22:51:52","guid":{"rendered":"https:\/\/gajostest.a2hosted.com\/eshop\/plum5511quickfix-nahradna-naplast-6x45ks\/"},"modified":"2026-04-18T01:58:47","modified_gmt":"2026-04-17T23:58:47","slug":"plum5511quickfix-nahradna-naplast-6x45ks","status":"publish","type":"product","link":"https:\/\/gajos.sk\/eshop\/p\/plum5511quickfix-nahradna-naplast-6x45ks\/","title":{"rendered":"Plum5511QuickFix n\u00e1hradn\u00e1 n\u00e1plas\u0165 6x45ks"},"content":{"rendered":"","protected":false},"excerpt":{"rendered":"<p>N\u00e1hradn\u00e9 balenie vodovzdorn\u00fdch n\u00e1plast\u00ed QuickFix, obsahuje 45 ks n\u00e1plast\u00ed. Jednotka balenia: 6x 45 ks<\/p>\n","protected":false},"featured_media":353936,"template":"","meta":{"_acf_changed":false,"inline_featured_image":false},"product_brand":[],"product_cat":[2601,2131],"product_tag":[2594],"class_list":{"0":"post-353934","1":"product","2":"type-product","3":"status-publish","4":"has-post-thumbnail","6":"product_cat-prva-pomoc","7":"product_cat-ostatne","8":"product_tag-plum","9":"pa_velkost-uni","11":"first","12":"instock","13":"taxable","14":"shipping-taxable","15":"purchasable","16":"product-type-variable"},"acf":[],"_links":{"self":[{"href":"https:\/\/gajos.sk\/eshop\/wp-json\/wp\/v2\/product\/353934","targetHints":{"allow":["GET"]}}],"collection":[{"href":"https:\/\/gajos.sk\/eshop\/wp-json\/wp\/v2\/product"}],"about":[{"href":"https:\/\/gajos.sk\/eshop\/wp-json\/wp\/v2\/types\/product"}],"wp:featuredmedia":[{"embeddable":true,"href":"https:\/\/gajos.sk\/eshop\/wp-json\/wp\/v2\/media\/353936"}],"wp:attachment":[{"href":"https:\/\/gajos.sk\/eshop\/wp-json\/wp\/v2\/media?parent=353934"}],"wp:term":[{"taxonomy":"product_brand","embeddable":true,"href":"https:\/\/gajos.sk\/eshop\/wp-json\/wp\/v2\/product_brand?post=353934"},{"taxonomy":"product_cat","embeddable":true,"href":"https:\/\/gajos.sk\/eshop\/wp-json\/wp\/v2\/product_cat?post=353934"},{"taxonomy":"product_tag","embeddable":true,"href":"https:\/\/gajos.sk\/eshop\/wp-json\/wp\/v2\/product_tag?post=353934"}],"curies":[{"name":"wp","href":"https:\/\/api.w.org\/{rel}","templated":true}]}}