{"id":353928,"date":"2024-03-01T23:51:52","date_gmt":"2024-03-01T22:51:52","guid":{"rendered":"https:\/\/gajostest.a2hosted.com\/eshop\/plum5501quickfixdispenser2x45ksvonaplast\/"},"modified":"2026-04-20T00:57:54","modified_gmt":"2026-04-19T22:57:54","slug":"plum5501quickfixdispenser2x45ksvonaplast","status":"publish","type":"product","link":"https:\/\/gajos.sk\/eshop\/p\/plum5501quickfixdispenser2x45ksvonaplast\/","title":{"rendered":"Plum5501QuickFixdispenser2x45ksVOn\u00e1plast"},"content":{"rendered":"","protected":false},"excerpt":{"rendered":"<p>Vodovzdorn\u00e1 n\u00e1plas\u0165 je vodoodpudiv\u00e1, preto je vyslovene vhodn\u00e1 pre pou\u017eitie na mokr\u00fdch pracovisk\u00e1ch. N\u00e1plasti s\u00fa vyroben\u00e9 z materi\u00e1lu PE, umo\u017e\u0148uj\u00fa tak poko\u017eke d\u00fdcha\u0165. Z\u00e1sobn\u00edk obsahuje 90 ks (2 balenia) n\u00e1plast\u00ed a m\u00f4\u017ee sa namontova\u0165 tam, kde je najviac potrebn\u00fd. Rozmery: \u0160: 23 cm. x V: 13,5 cm<\/p>\n","protected":false},"featured_media":353930,"template":"","meta":{"_acf_changed":false,"inline_featured_image":false},"product_brand":[],"product_cat":[2601,2131],"product_tag":[2594],"class_list":{"0":"post-353928","1":"product","2":"type-product","3":"status-publish","4":"has-post-thumbnail","6":"product_cat-prva-pomoc","7":"product_cat-ostatne","8":"product_tag-plum","9":"pa_velkost-uni","11":"first","12":"instock","13":"taxable","14":"shipping-taxable","15":"purchasable","16":"product-type-variable"},"acf":[],"_links":{"self":[{"href":"https:\/\/gajos.sk\/eshop\/wp-json\/wp\/v2\/product\/353928","targetHints":{"allow":["GET"]}}],"collection":[{"href":"https:\/\/gajos.sk\/eshop\/wp-json\/wp\/v2\/product"}],"about":[{"href":"https:\/\/gajos.sk\/eshop\/wp-json\/wp\/v2\/types\/product"}],"wp:featuredmedia":[{"embeddable":true,"href":"https:\/\/gajos.sk\/eshop\/wp-json\/wp\/v2\/media\/353930"}],"wp:attachment":[{"href":"https:\/\/gajos.sk\/eshop\/wp-json\/wp\/v2\/media?parent=353928"}],"wp:term":[{"taxonomy":"product_brand","embeddable":true,"href":"https:\/\/gajos.sk\/eshop\/wp-json\/wp\/v2\/product_brand?post=353928"},{"taxonomy":"product_cat","embeddable":true,"href":"https:\/\/gajos.sk\/eshop\/wp-json\/wp\/v2\/product_cat?post=353928"},{"taxonomy":"product_tag","embeddable":true,"href":"https:\/\/gajos.sk\/eshop\/wp-json\/wp\/v2\/product_tag?post=353928"}],"curies":[{"name":"wp","href":"https:\/\/api.w.org\/{rel}","templated":true}]}}