{"id":353916,"date":"2024-03-01T23:51:43","date_gmt":"2024-03-01T22:51:43","guid":{"rendered":"https:\/\/gajostest.a2hosted.com\/eshop\/plum-4691-eyewash-200-ml\/"},"modified":"2026-04-15T22:02:56","modified_gmt":"2026-04-15T20:02:56","slug":"plum-4691-eyewash-200-ml","status":"publish","type":"product","link":"https:\/\/gajos.sk\/eshop\/p\/plum-4691-eyewash-200-ml\/","title":{"rendered":"Plum 4691 Eyewash 200 ml"},"content":{"rendered":"","protected":false},"excerpt":{"rendered":"<p>Praktick\u00e1 mal\u00e1 n\u00e1doba s 0,2 l 0,9%-n\u00e9ho steriln\u00e9ho roztoku chloridu sodn\u00e9ho, pomocou ktor\u00e9ho mo\u017eno z oka \u013eahko odstr\u00e1ni\u0165 fyzick\u00e9 ne\u010distoty. Ergonomick\u00fd vrchn\u00e1k zapad\u00e1 do o\u010dnej jamky. Je vybaven\u00e1 chr\u00e1ni\u010dom proti prachu a na etikete je uveden\u00fd podrobn\u00fd n\u00e1vod na pou\u017eitie. Je vhodn\u00e1 na samostatn\u00e9 pou\u017e\u00edvanie, k ta\u0161ke na opasok, ktor\u00fa m\u00f4\u017eete zak\u00fapi\u0165 u n\u00e1s alebo k doplneniu stan\u00edc s n\u00e1stenn\u00fdm dr\u017eiakom. Spotrebujte do 3 rokov.<\/p>\n","protected":false},"featured_media":353918,"template":"","meta":{"_acf_changed":false,"inline_featured_image":false},"product_brand":[],"product_cat":[2601,2131],"product_tag":[2594],"class_list":{"0":"post-353916","1":"product","2":"type-product","3":"status-publish","4":"has-post-thumbnail","6":"product_cat-prva-pomoc","7":"product_cat-ostatne","8":"product_tag-plum","9":"pa_velkost-uni","11":"first","12":"instock","13":"taxable","14":"shipping-taxable","15":"purchasable","16":"product-type-variable"},"acf":[],"_links":{"self":[{"href":"https:\/\/gajos.sk\/eshop\/wp-json\/wp\/v2\/product\/353916","targetHints":{"allow":["GET"]}}],"collection":[{"href":"https:\/\/gajos.sk\/eshop\/wp-json\/wp\/v2\/product"}],"about":[{"href":"https:\/\/gajos.sk\/eshop\/wp-json\/wp\/v2\/types\/product"}],"wp:featuredmedia":[{"embeddable":true,"href":"https:\/\/gajos.sk\/eshop\/wp-json\/wp\/v2\/media\/353918"}],"wp:attachment":[{"href":"https:\/\/gajos.sk\/eshop\/wp-json\/wp\/v2\/media?parent=353916"}],"wp:term":[{"taxonomy":"product_brand","embeddable":true,"href":"https:\/\/gajos.sk\/eshop\/wp-json\/wp\/v2\/product_brand?post=353916"},{"taxonomy":"product_cat","embeddable":true,"href":"https:\/\/gajos.sk\/eshop\/wp-json\/wp\/v2\/product_cat?post=353916"},{"taxonomy":"product_tag","embeddable":true,"href":"https:\/\/gajos.sk\/eshop\/wp-json\/wp\/v2\/product_tag?post=353916"}],"curies":[{"name":"wp","href":"https:\/\/api.w.org\/{rel}","templated":true}]}}