{"id":353856,"date":"2024-03-01T23:51:13","date_gmt":"2024-03-01T22:51:13","guid":{"rendered":"https:\/\/gajostest.a2hosted.com\/eshop\/jsp-kuzel-dominator-new\/"},"modified":"2026-04-18T01:58:47","modified_gmt":"2026-04-17T23:58:47","slug":"jsp-kuzel-dominator-new","status":"publish","type":"product","link":"https:\/\/gajos.sk\/eshop\/p\/jsp-kuzel-dominator-new\/","title":{"rendered":"JSP ku\u017ee\u013e DOMINATOR NEW"},"content":{"rendered":"","protected":false},"excerpt":{"rendered":"<p>Vysoko kvalitn\u00e1, robustn\u00e1 plastov\u00e1 prep\u00e1\u017eka s \u010diernou z\u00e1klad\u0148ou a reflexn\u00fdmi pruhmi. K dispoz\u00edcii vo ve\u013ekostiach 50 cm, potla\u010dite\u013en\u00fd povrch. Ku\u017ee\u013e je mo\u017en\u00e9 posla\u0165 iba paletov\u00fdm odvozom \u010di vlastn\u00fdm odberom.<\/p>\n","protected":false},"featured_media":353858,"template":"","meta":{"_acf_changed":false,"inline_featured_image":false},"product_brand":[],"product_cat":[2163,2131],"product_tag":[1209],"class_list":{"0":"post-353856","1":"product","2":"type-product","3":"status-publish","4":"has-post-thumbnail","6":"product_cat-dopravne-znacky","7":"product_cat-ostatne","8":"product_tag-jsp","9":"pa_farba-oranzova","10":"pa_velkost-75cm","11":"pa_velkost-50m","12":"pa_velkost-1m","14":"first","15":"instock","16":"taxable","17":"shipping-taxable","18":"purchasable","19":"product-type-variable"},"acf":[],"_links":{"self":[{"href":"https:\/\/gajos.sk\/eshop\/wp-json\/wp\/v2\/product\/353856","targetHints":{"allow":["GET"]}}],"collection":[{"href":"https:\/\/gajos.sk\/eshop\/wp-json\/wp\/v2\/product"}],"about":[{"href":"https:\/\/gajos.sk\/eshop\/wp-json\/wp\/v2\/types\/product"}],"wp:featuredmedia":[{"embeddable":true,"href":"https:\/\/gajos.sk\/eshop\/wp-json\/wp\/v2\/media\/353858"}],"wp:attachment":[{"href":"https:\/\/gajos.sk\/eshop\/wp-json\/wp\/v2\/media?parent=353856"}],"wp:term":[{"taxonomy":"product_brand","embeddable":true,"href":"https:\/\/gajos.sk\/eshop\/wp-json\/wp\/v2\/product_brand?post=353856"},{"taxonomy":"product_cat","embeddable":true,"href":"https:\/\/gajos.sk\/eshop\/wp-json\/wp\/v2\/product_cat?post=353856"},{"taxonomy":"product_tag","embeddable":true,"href":"https:\/\/gajos.sk\/eshop\/wp-json\/wp\/v2\/product_tag?post=353856"}],"curies":[{"name":"wp","href":"https:\/\/api.w.org\/{rel}","templated":true}]}}