{"id":353853,"date":"2024-03-01T23:51:09","date_gmt":"2024-03-01T22:51:09","guid":{"rendered":"https:\/\/gajostest.a2hosted.com\/eshop\/jsp-retaz-plast-6mm-25m\/"},"modified":"2026-04-18T01:58:47","modified_gmt":"2026-04-17T23:58:47","slug":"jsp-retaz-plast-6mm-25m","status":"publish","type":"product","link":"https:\/\/gajos.sk\/eshop\/p\/jsp-retaz-plast-6mm-25m\/","title":{"rendered":"JSP re\u0165az plast 6mm\/25m"},"content":{"rendered":"","protected":false},"excerpt":{"rendered":"<p>Mo\u017enos\u0165 upevnenia na st\u013apiky so z\u00e1klad\u0148ou alebo ku\u017eele. 6 mm &#8211; balenie 25 m, 9910 0041 24 999 \u010derven\u00e1-biela, 9910 0041 64 999 \u010dierna-\u017elt\u00e1<\/p>\n","protected":false},"featured_media":353836,"template":"","meta":{"_acf_changed":false,"inline_featured_image":false},"product_brand":[],"product_cat":[2163,2131],"product_tag":[1209],"class_list":{"0":"post-353853","1":"product","2":"type-product","3":"status-publish","4":"has-post-thumbnail","6":"product_cat-dopravne-znacky","7":"product_cat-ostatne","8":"product_tag-jsp","9":"pa_farba-cerna-zlta","10":"pa_farba-cervena-bila","12":"first","13":"instock","14":"taxable","15":"shipping-taxable","16":"purchasable","17":"product-type-variable"},"acf":[],"_links":{"self":[{"href":"https:\/\/gajos.sk\/eshop\/wp-json\/wp\/v2\/product\/353853","targetHints":{"allow":["GET"]}}],"collection":[{"href":"https:\/\/gajos.sk\/eshop\/wp-json\/wp\/v2\/product"}],"about":[{"href":"https:\/\/gajos.sk\/eshop\/wp-json\/wp\/v2\/types\/product"}],"wp:featuredmedia":[{"embeddable":true,"href":"https:\/\/gajos.sk\/eshop\/wp-json\/wp\/v2\/media\/353836"}],"wp:attachment":[{"href":"https:\/\/gajos.sk\/eshop\/wp-json\/wp\/v2\/media?parent=353853"}],"wp:term":[{"taxonomy":"product_brand","embeddable":true,"href":"https:\/\/gajos.sk\/eshop\/wp-json\/wp\/v2\/product_brand?post=353853"},{"taxonomy":"product_cat","embeddable":true,"href":"https:\/\/gajos.sk\/eshop\/wp-json\/wp\/v2\/product_cat?post=353853"},{"taxonomy":"product_tag","embeddable":true,"href":"https:\/\/gajos.sk\/eshop\/wp-json\/wp\/v2\/product_tag?post=353853"}],"curies":[{"name":"wp","href":"https:\/\/api.w.org\/{rel}","templated":true}]}}