{"id":353848,"date":"2024-03-01T23:51:09","date_gmt":"2024-03-01T22:51:09","guid":{"rendered":"https:\/\/gajostest.a2hosted.com\/eshop\/jsp-hde100-slpok-retazove-zabrany\/"},"modified":"2026-04-18T01:58:47","modified_gmt":"2026-04-17T23:58:47","slug":"jsp-hde100-slpok-retazove-zabrany","status":"publish","type":"product","link":"https:\/\/gajos.sk\/eshop\/p\/jsp-hde100-slpok-retazove-zabrany\/","title":{"rendered":"JSP HDE100- Slpok re\u0165azov\u00e9 z\u00e1brany"},"content":{"rendered":"","protected":false},"excerpt":{"rendered":"<p>Plastov\u00e9 st\u013apiky s \u010diapo\u010dkami na zachytenie re\u0165aze. Vyroben\u00e9 z UV stabiln\u00e9ho polyetyl\u00e9nu. V\u00fd\u0161ka so z\u00e1klad\u0148ou: 1m.<\/p>\n","protected":false},"featured_media":353850,"template":"","meta":{"_acf_changed":false,"inline_featured_image":false},"product_brand":[],"product_cat":[2163,2131],"product_tag":[1209],"class_list":{"0":"post-353848","1":"product","2":"type-product","3":"status-publish","4":"has-post-thumbnail","6":"product_cat-dopravne-znacky","7":"product_cat-ostatne","8":"product_tag-jsp","9":"pa_farba-cerna-zlta","10":"pa_farba-cervena-bila","12":"first","13":"instock","14":"taxable","15":"shipping-taxable","16":"purchasable","17":"product-type-variable"},"acf":[],"_links":{"self":[{"href":"https:\/\/gajos.sk\/eshop\/wp-json\/wp\/v2\/product\/353848","targetHints":{"allow":["GET"]}}],"collection":[{"href":"https:\/\/gajos.sk\/eshop\/wp-json\/wp\/v2\/product"}],"about":[{"href":"https:\/\/gajos.sk\/eshop\/wp-json\/wp\/v2\/types\/product"}],"wp:featuredmedia":[{"embeddable":true,"href":"https:\/\/gajos.sk\/eshop\/wp-json\/wp\/v2\/media\/353850"}],"wp:attachment":[{"href":"https:\/\/gajos.sk\/eshop\/wp-json\/wp\/v2\/media?parent=353848"}],"wp:term":[{"taxonomy":"product_brand","embeddable":true,"href":"https:\/\/gajos.sk\/eshop\/wp-json\/wp\/v2\/product_brand?post=353848"},{"taxonomy":"product_cat","embeddable":true,"href":"https:\/\/gajos.sk\/eshop\/wp-json\/wp\/v2\/product_cat?post=353848"},{"taxonomy":"product_tag","embeddable":true,"href":"https:\/\/gajos.sk\/eshop\/wp-json\/wp\/v2\/product_tag?post=353848"}],"curies":[{"name":"wp","href":"https:\/\/api.w.org\/{rel}","templated":true}]}}