{"id":353765,"date":"2024-03-01T23:49:17","date_gmt":"2024-03-01T22:49:17","guid":{"rendered":"https:\/\/gajostest.a2hosted.com\/eshop\/petzl-e060aa00-tikkina-2022-siva\/"},"modified":"2026-04-15T22:02:56","modified_gmt":"2026-04-15T20:02:56","slug":"petzl-e060aa00-tikkina-2022-siva","status":"publish","type":"product","link":"https:\/\/gajos.sk\/eshop\/p\/petzl-e060aa00-tikkina-2022-siva\/","title":{"rendered":"Petzl E060AA00 Tikkina 2022 siv\u00e1"},"content":{"rendered":"","protected":false},"excerpt":{"rendered":"<p>Sv\u011bteln\u00fd v\u00fdstup 300 lumen\u016f a rovnom\u011brn\u00e9 p\u0159\u00edjemn\u00e9 sv\u011btlo \u010delovky TIKKINA rozz\u00e1\u0159\u00ed va\u0161e ve\u010dery pod hv\u011bzdami! Je vhodn\u00e1 jak pro \u010dten\u00ed ve stanu, tak pro pohyb po kempu nebo p\u011b\u0161\u00ed turistiku. Snadno se pou\u017e\u00edv\u00e1 d\u00edky jedin\u00e9mu vyp\u00edna\u010di. Je kompaktn\u00ed a lehk\u00e1, snadno se vejde do kapsy nebo do batohu, tak\u017ee si ji m\u016f\u017eete vz\u00edt s sebou kamkoli. TIKKINA se dod\u00e1v\u00e1 se 3 standardn\u00edmi bateriemi a d\u00edky technologii HYBRID CONCEPT je tak\u00e9 kompatibiln\u00ed s dob\u00edjec\u00edm akumul\u00e1torem CORE. V\u00e1\u017e\u00ed pouh\u00fdch 92 g.<\/p>\n<p>Homogenn\u00ed a pohodln\u00e9 osv\u011btlen\u00ed bl\u00edzk\u00e9ho okol\u00ed:<\/p>\n<p>    \u0160irok\u00fd, jednolit\u00fd ku\u017eel sv\u011btla pohodln\u011b osv\u00edt\u00ed bl\u00edzk\u00e9 okol\u00ed<br \/>\n    T\u0159i intenzity sv\u00edcen\u00ed: MAX. DOBA SV\u00cdCEN\u00cd, STANDARDN\u00cd (vyv\u00e1\u017een\u00fd pom\u011br v\u00fdkonu a v\u00fddr\u017ee) a MAX. V\u00ddKON<\/p>\n<p>Snadn\u00e9 pou\u017eit\u00ed:<\/p>\n<p>    Jedin\u00e9 tla\u010d\u00edtko pro rychlou a snadnou volbu intenzity sv\u00edcen\u00ed<br \/>\n    Z\u00e1kladov\u00e1 deska umo\u017e\u0148uje snadn\u00e9 nakl\u00e1p\u011bn\u00ed t\u011bla sv\u00edtilny po\u017eadovan\u00fdm sm\u011brem<br \/>\n    Odn\u00edmateln\u00fd a omyvateln\u00fd hlavov\u00fd p\u00e1sek je symetrick\u00fd pro snadn\u00e9 nastavov\u00e1n\u00ed<br \/>\n    Technologie HYBRID CONCEPT: TIKKINA se dod\u00e1v\u00e1 se 3 standardn\u00edmi bateriemi AAA\/LR03 a je kompatibiln\u00ed s dob\u00edjec\u00edm akumul\u00e1torem CORE (nen\u00ed sou\u010d\u00e1st\u00ed balen\u00ed); \u010delovka automaticky rozpozn\u00e1 zdroj energie a uprav\u00ed sv\u011bteln\u00fd v\u00fdstup<br \/>\n    Kompatibiln\u00ed s adapt\u00e9ry HELMET ADAPT a BIKE ADAPT 2, tak\u017ee m\u016f\u017eete sv\u00edtilnu p\u0159ipevnit na r\u016fzn\u00e9 typy p\u0159ileb nebo kolo<\/p>\n","protected":false},"featured_media":353767,"template":"","meta":{"_acf_changed":false,"inline_featured_image":false},"product_brand":[],"product_cat":[2591,2131],"product_tag":[2592],"class_list":{"0":"post-353765","1":"product","2":"type-product","3":"status-publish","4":"has-post-thumbnail","6":"product_cat-elektricky","7":"product_cat-ostatne","8":"product_tag-petzl","9":"pa_velkost-uni","11":"first","12":"instock","13":"taxable","14":"shipping-taxable","15":"purchasable","16":"product-type-variable"},"acf":[],"_links":{"self":[{"href":"https:\/\/gajos.sk\/eshop\/wp-json\/wp\/v2\/product\/353765","targetHints":{"allow":["GET"]}}],"collection":[{"href":"https:\/\/gajos.sk\/eshop\/wp-json\/wp\/v2\/product"}],"about":[{"href":"https:\/\/gajos.sk\/eshop\/wp-json\/wp\/v2\/types\/product"}],"wp:featuredmedia":[{"embeddable":true,"href":"https:\/\/gajos.sk\/eshop\/wp-json\/wp\/v2\/media\/353767"}],"wp:attachment":[{"href":"https:\/\/gajos.sk\/eshop\/wp-json\/wp\/v2\/media?parent=353765"}],"wp:term":[{"taxonomy":"product_brand","embeddable":true,"href":"https:\/\/gajos.sk\/eshop\/wp-json\/wp\/v2\/product_brand?post=353765"},{"taxonomy":"product_cat","embeddable":true,"href":"https:\/\/gajos.sk\/eshop\/wp-json\/wp\/v2\/product_cat?post=353765"},{"taxonomy":"product_tag","embeddable":true,"href":"https:\/\/gajos.sk\/eshop\/wp-json\/wp\/v2\/product_tag?post=353765"}],"curies":[{"name":"wp","href":"https:\/\/api.w.org\/{rel}","templated":true}]}}