{"id":353747,"date":"2024-03-01T23:49:10","date_gmt":"2024-03-01T22:49:10","guid":{"rendered":"https:\/\/gajostest.a2hosted.com\/eshop\/petzl-e78bhb-pixa2-celovka-s-1diodoatex\/"},"modified":"2026-04-11T17:51:51","modified_gmt":"2026-04-11T15:51:51","slug":"petzl-e78bhb-pixa2-celovka-s-1diodoatex","status":"publish","type":"product","link":"https:\/\/gajos.sk\/eshop\/p\/petzl-e78bhb-pixa2-celovka-s-1diodoatex\/","title":{"rendered":"PETZL  E78BHB PIXA2 \u010delovka s 1diodoATEX"},"content":{"rendered":"","protected":false},"excerpt":{"rendered":"<p>\u010celovka petzl Pixa 2 uvol\u0148uje ruce pro pr\u00e1ci:<\/p>\n<p>    Lze ji nosit na hlav\u011b s elastick\u00fdm p\u00e1skem, p\u0159ipevn\u011bnou do slotu na p\u0159ilb\u011b nebo polo\u017eenou na zemi<br \/>\n    Adapt\u00e9r pro p\u0159ipojen\u00ed na p\u0159ilbu bez elastick\u00e9ho p\u00e1sku (p\u0159ilo\u017een)<\/p>\n<p>Dva re\u017eimy sv\u00edcen\u00ed:<\/p>\n<p>    Re\u017eim pro osv\u011btlen\u00ed bl\u00edzk\u00e9ho okol\u00ed s malou intenzitou sv\u00edcen\u00ed: \u0161irok\u00fd, rovnom\u011brn\u00fd ku\u017eel, s dosvitem do 25 metr\u016f po 26 hodin (20 lumen\u016f)<br \/>\n    Re\u017eim pro pohyb na pracovi\u0161t s vy\u0161\u0161\u00ed intenzitou sv\u00edcen\u00ed: kombinovan\u00fd ku\u017eel se zaost\u0159enou horn\u00ed \u010d\u00e1st\u00ed, kter\u00e1 umo\u017e\u0148uje u\u017eivateli bezpe\u010dn\u00fd pohyb po pracovi\u0161ti, dosvit 55 metr\u016f po dobu 3,5 hodiny (80 lumen\u016f)<br \/>\n    Konstantn\u00ed sv\u011btlo, zaru\u010den\u00fd sv\u011bteln\u00fd v\u00fdkon, kter\u00fd nepoklesne po celou dobu sv\u00edcen\u00ed.<\/p>\n<p>Jednoduch\u00e9 ovl\u00e1d\u00e1n\u00ed, i v rukavic\u00edch:<\/p>\n<p>    Oto\u010dn\u00fd vyp\u00edna\u010d pro dva re\u017eimy sv\u00edcen\u00ed<br \/>\n    T\u011blo sv\u00edtilny lze ot\u00e1\u010det a usm\u011br\u0148ovat tak ku\u017eel dle pot\u0159eby (rotace 45\u00b0)<br \/>\n    Rychl\u00e1 a snadn\u00e1 v\u00fdm\u011bna bateri\u00ed<\/p>\n<p>Odoln\u00e1:<\/p>\n<p>    Vynikaj\u00edc\u00ed odolnost v\u016f\u010di p\u00e1du (2 metry), n\u00e1razu nebo deformaci (80kg)<br \/>\n    Skladovac\u00ed poloha chr\u00e1n\u00ed sklo p\u0159ed po\u0161kozen\u00edm a sv\u00edtilnu p\u0159ed n\u00e1hodn\u00fdm zapnut\u00edm<br \/>\n    Pohodln\u00fd nastaviteln\u00fd elastick\u00fd p\u00e1sek, kter\u00fd lze snadno sejmout a vyprat<br \/>\n    Indik\u00e1tor stavu bateri\u00ed opakovan\u011b blik\u00e1<br \/>\n    Vodot\u011bsn\u00e1 do 1 m po 30 minut (IP67), po pono\u0159en\u00ed do vody nen\u00ed nutn\u00e1 \u017e\u00e1dn\u00e1 \u00fadr\u017eba<br \/>\n    Odoln\u00e1 v\u016f\u010di chemik\u00e1li\u00edm (viz www.petzl.com)<br \/>\n    Certifikovan\u00e1 do v\u00fdbu\u0161n\u00e9ho prost\u0159ed\u00ed ATEX z\u00f3na 2\/22 (II 3 GD Ex nA ic IIB T4 Gc tc IIIC T135\u00b0C Dc)<br \/>\n    Provoz se dv\u011bma bateriemi AA\/LR6 (sou\u010d\u00e1st balen\u00ed), kompatibiln\u00ed s alkalick\u00fdmi bateriemi, lithiov\u00fdmi bateriemi a dob\u00edjec\u00edmi akumul\u00e1tory Ni-MH a Ni-Cd<\/p>\n<p>Parametry<br \/>\nN\u00e1zev \tPopis<br \/>\nHmotnost \t160 g<br \/>\nDoba sv\u00edcen\u00ed \t26 hod<br \/>\nDosvit \t55 m<br \/>\nSv\u011bteln\u00fd tok \t80 lm<br \/>\nRe\u017eimy sv\u00edcen\u00ed \t2 \u010dir\u00e9<br \/>\nZdroj \t2xAA\/LR06 alkalick\u00e9, lithiov\u00e9, Ni-Mh<br \/>\nOdolnost \tIP67<br \/>\nCertifikace \tCE, II 3 GD Ex nA ic IIB T4 Gc tc IIIC T135\u00b0C Dc, pokojov\u00e1 teplota: -30\u00b0C a\u017e +40\u00b0C<\/p>\n","protected":false},"featured_media":353749,"template":"","meta":{"_acf_changed":false,"inline_featured_image":false},"product_brand":[],"product_cat":[2591,2131],"product_tag":[2592],"class_list":{"0":"post-353747","1":"product","2":"type-product","3":"status-publish","4":"has-post-thumbnail","6":"product_cat-elektricky","7":"product_cat-ostatne","8":"product_tag-petzl","9":"pa_velkost-uni","11":"first","12":"instock","13":"taxable","14":"shipping-taxable","15":"product-type-variable"},"acf":[],"_links":{"self":[{"href":"https:\/\/gajos.sk\/eshop\/wp-json\/wp\/v2\/product\/353747","targetHints":{"allow":["GET"]}}],"collection":[{"href":"https:\/\/gajos.sk\/eshop\/wp-json\/wp\/v2\/product"}],"about":[{"href":"https:\/\/gajos.sk\/eshop\/wp-json\/wp\/v2\/types\/product"}],"wp:featuredmedia":[{"embeddable":true,"href":"https:\/\/gajos.sk\/eshop\/wp-json\/wp\/v2\/media\/353749"}],"wp:attachment":[{"href":"https:\/\/gajos.sk\/eshop\/wp-json\/wp\/v2\/media?parent=353747"}],"wp:term":[{"taxonomy":"product_brand","embeddable":true,"href":"https:\/\/gajos.sk\/eshop\/wp-json\/wp\/v2\/product_brand?post=353747"},{"taxonomy":"product_cat","embeddable":true,"href":"https:\/\/gajos.sk\/eshop\/wp-json\/wp\/v2\/product_cat?post=353747"},{"taxonomy":"product_tag","embeddable":true,"href":"https:\/\/gajos.sk\/eshop\/wp-json\/wp\/v2\/product_tag?post=353747"}],"curies":[{"name":"wp","href":"https:\/\/api.w.org\/{rel}","templated":true}]}}