{"id":353742,"date":"2024-03-01T23:49:10","date_gmt":"2024-03-01T22:49:10","guid":{"rendered":"https:\/\/gajostest.a2hosted.com\/eshop\/refrox-reflexni-elasticky-kriz\/"},"modified":"2026-04-25T22:06:08","modified_gmt":"2026-04-25T20:06:08","slug":"refrox-reflexni-elasticky-kriz","status":"publish","type":"product","link":"https:\/\/gajos.sk\/eshop\/p\/refrox-reflexni-elasticky-kriz\/","title":{"rendered":"REFROX Reflexn\u00ed elastick\u00fd kr\u00ed\u017e"},"content":{"rendered":"","protected":false},"excerpt":{"rendered":"<p>elastick\u00fd reflexn\u00fd kr\u00ed\u017e; \u0161\u00edrka popruhov 4 cm; \u0161\u00edrka reflexn\u00e9ho p\u00e1sika 1,5 cm; nastavite\u013en\u00e1 d\u013a\u017eka cez ramen\u00e1 a obvod p\u00e1sa (max. 160 cm); predn\u00e9 zap\u00ednanie plastovou prackou; EN 13356: 2001 \u2013 vidite\u013en\u00e9 doplnky na neprofesion\u00e1lne pou\u017eitie; zabalen\u00e9 v plastovom s\u00e1\u010dku s Euro otvorom na zavesenie.<\/p>\n","protected":false},"featured_media":353744,"template":"","meta":{"_acf_changed":false,"inline_featured_image":false},"product_brand":[],"product_cat":[2589,2588,2583],"product_tag":[1179],"class_list":{"0":"post-353742","1":"product","2":"type-product","3":"status-publish","4":"has-post-thumbnail","6":"product_cat-others-garments","7":"product_cat-garments","8":"product_cat-products","9":"product_tag-cerva","10":"pa_farba-hv-oranzova","11":"pa_farba-hv-zlta","13":"first","14":"instock","15":"taxable","16":"shipping-taxable","17":"purchasable","18":"product-type-variable"},"acf":[],"_links":{"self":[{"href":"https:\/\/gajos.sk\/eshop\/wp-json\/wp\/v2\/product\/353742","targetHints":{"allow":["GET"]}}],"collection":[{"href":"https:\/\/gajos.sk\/eshop\/wp-json\/wp\/v2\/product"}],"about":[{"href":"https:\/\/gajos.sk\/eshop\/wp-json\/wp\/v2\/types\/product"}],"wp:featuredmedia":[{"embeddable":true,"href":"https:\/\/gajos.sk\/eshop\/wp-json\/wp\/v2\/media\/353744"}],"wp:attachment":[{"href":"https:\/\/gajos.sk\/eshop\/wp-json\/wp\/v2\/media?parent=353742"}],"wp:term":[{"taxonomy":"product_brand","embeddable":true,"href":"https:\/\/gajos.sk\/eshop\/wp-json\/wp\/v2\/product_brand?post=353742"},{"taxonomy":"product_cat","embeddable":true,"href":"https:\/\/gajos.sk\/eshop\/wp-json\/wp\/v2\/product_cat?post=353742"},{"taxonomy":"product_tag","embeddable":true,"href":"https:\/\/gajos.sk\/eshop\/wp-json\/wp\/v2\/product_tag?post=353742"}],"curies":[{"name":"wp","href":"https:\/\/api.w.org\/{rel}","templated":true}]}}