{"id":353738,"date":"2024-03-01T23:49:03","date_gmt":"2024-03-01T22:49:03","guid":{"rendered":"https:\/\/gajostest.a2hosted.com\/eshop\/laksam-reflexna-paska\/"},"modified":"2026-04-25T22:06:08","modified_gmt":"2026-04-25T20:06:08","slug":"laksam-reflexna-paska","status":"publish","type":"product","link":"https:\/\/gajos.sk\/eshop\/p\/laksam-reflexna-paska\/","title":{"rendered":"LAKSAM reflexn\u00e1 p\u00e1ska"},"content":{"rendered":"","protected":false},"excerpt":{"rendered":"<p>reflexn\u00fd p\u00e1sik pre zv\u00fd\u0161enie vidite\u013enosti, vhodn\u00fd ako doplnok na odev pri pohybe v \u0161ere a v tme<\/p>\n","protected":false},"featured_media":353740,"template":"","meta":{"_acf_changed":false,"inline_featured_image":false},"product_brand":[],"product_cat":[2589,2588,2583],"product_tag":[1179],"class_list":{"0":"post-353738","1":"product","2":"type-product","3":"status-publish","4":"has-post-thumbnail","6":"product_cat-others-garments","7":"product_cat-garments","8":"product_cat-products","9":"product_tag-cerva","10":"pa_farba-hv-zlta","11":"pa_farba-hv-strieborna","12":"pa_velkost-34cm","13":"pa_velkost-40cm","15":"first","16":"instock","17":"taxable","18":"shipping-taxable","19":"purchasable","20":"product-type-variable"},"acf":[],"_links":{"self":[{"href":"https:\/\/gajos.sk\/eshop\/wp-json\/wp\/v2\/product\/353738","targetHints":{"allow":["GET"]}}],"collection":[{"href":"https:\/\/gajos.sk\/eshop\/wp-json\/wp\/v2\/product"}],"about":[{"href":"https:\/\/gajos.sk\/eshop\/wp-json\/wp\/v2\/types\/product"}],"wp:featuredmedia":[{"embeddable":true,"href":"https:\/\/gajos.sk\/eshop\/wp-json\/wp\/v2\/media\/353740"}],"wp:attachment":[{"href":"https:\/\/gajos.sk\/eshop\/wp-json\/wp\/v2\/media?parent=353738"}],"wp:term":[{"taxonomy":"product_brand","embeddable":true,"href":"https:\/\/gajos.sk\/eshop\/wp-json\/wp\/v2\/product_brand?post=353738"},{"taxonomy":"product_cat","embeddable":true,"href":"https:\/\/gajos.sk\/eshop\/wp-json\/wp\/v2\/product_cat?post=353738"},{"taxonomy":"product_tag","embeddable":true,"href":"https:\/\/gajos.sk\/eshop\/wp-json\/wp\/v2\/product_tag?post=353738"}],"curies":[{"name":"wp","href":"https:\/\/api.w.org\/{rel}","templated":true}]}}