{"id":353690,"date":"2024-03-01T23:47:45","date_gmt":"2024-03-01T22:47:45","guid":{"rendered":"https:\/\/gajostest.a2hosted.com\/eshop\/fento-200-pro-nakolenik-original\/"},"modified":"2026-05-07T21:55:59","modified_gmt":"2026-05-07T19:55:59","slug":"fento-200-pro-nakolenik-original","status":"publish","type":"product","link":"https:\/\/gajos.sk\/eshop\/p\/fento-200-pro-nakolenik-original\/","title":{"rendered":"FENTO 200 Pro n\u00e1kolen\u00edk ORIGINAL"},"content":{"rendered":"","protected":false},"excerpt":{"rendered":"<p>100% ochrana kolien bez otlakov; pohodln\u00fd a priedu\u0161n\u00fd n\u00e1kolenn\u00edk s dlhou \u017eivotnos\u0165ou a vysokou odolnos\u0165ou proti oteru; 100% vodeodoln\u00fd a \u013eahk\u00fd 250 gramov; \u0161irok\u00e9 p\u00e1sky na dokonal\u00e9 upevnenie.<\/p>\n","protected":false},"featured_media":353692,"template":"","meta":{"_acf_changed":false,"inline_featured_image":false},"product_brand":[],"product_cat":[3533,2121,2140],"product_tag":[2581],"class_list":{"0":"post-353690","1":"product","2":"type-product","3":"status-publish","4":"has-post-thumbnail","6":"product_cat-ochrana-kolien-ostatne-odevy","7":"product_cat-odevy","8":"product_cat-ostatne-odevy","9":"product_tag-fento","10":"pa_velkost-uni","12":"first","13":"instock","14":"taxable","15":"shipping-taxable","16":"purchasable","17":"product-type-variable"},"acf":[],"_links":{"self":[{"href":"https:\/\/gajos.sk\/eshop\/wp-json\/wp\/v2\/product\/353690","targetHints":{"allow":["GET"]}}],"collection":[{"href":"https:\/\/gajos.sk\/eshop\/wp-json\/wp\/v2\/product"}],"about":[{"href":"https:\/\/gajos.sk\/eshop\/wp-json\/wp\/v2\/types\/product"}],"wp:featuredmedia":[{"embeddable":true,"href":"https:\/\/gajos.sk\/eshop\/wp-json\/wp\/v2\/media\/353692"}],"wp:attachment":[{"href":"https:\/\/gajos.sk\/eshop\/wp-json\/wp\/v2\/media?parent=353690"}],"wp:term":[{"taxonomy":"product_brand","embeddable":true,"href":"https:\/\/gajos.sk\/eshop\/wp-json\/wp\/v2\/product_brand?post=353690"},{"taxonomy":"product_cat","embeddable":true,"href":"https:\/\/gajos.sk\/eshop\/wp-json\/wp\/v2\/product_cat?post=353690"},{"taxonomy":"product_tag","embeddable":true,"href":"https:\/\/gajos.sk\/eshop\/wp-json\/wp\/v2\/product_tag?post=353690"}],"curies":[{"name":"wp","href":"https:\/\/api.w.org\/{rel}","templated":true}]}}