{"id":353684,"date":"2024-03-01T23:47:37","date_gmt":"2024-03-01T22:47:37","guid":{"rendered":"https:\/\/gajostest.a2hosted.com\/eshop\/fento-200-protection-cap-200-400\/"},"modified":"2026-05-07T21:55:59","modified_gmt":"2026-05-07T19:55:59","slug":"fento-200-protection-cap-200-400","status":"publish","type":"product","link":"https:\/\/gajos.sk\/eshop\/p\/fento-200-protection-cap-200-400\/","title":{"rendered":"FENTO 200 protection cap 200\/400"},"content":{"rendered":"","protected":false},"excerpt":{"rendered":"<p>\u2022 kryt zabra\u0148uje us\u00e1dzaniu piesku, \u0161trku a in\u00fdch ne\u010dist\u00f4t vo vn\u00fatri chr\u00e1ni\u010da kolien \u2022 kryt je z ve\u013emi flexibiln\u00e9ho materi\u00e1lu<\/p>\n","protected":false},"featured_media":353686,"template":"","meta":{"_acf_changed":false,"inline_featured_image":false},"product_brand":[],"product_cat":[3533,2121,2140],"product_tag":[2581],"class_list":{"0":"post-353684","1":"product","2":"type-product","3":"status-publish","4":"has-post-thumbnail","6":"product_cat-ochrana-kolien-ostatne-odevy","7":"product_cat-odevy","8":"product_cat-ostatne-odevy","9":"product_tag-fento","10":"pa_velkost-uni","12":"first","13":"instock","14":"taxable","15":"shipping-taxable","16":"purchasable","17":"product-type-variable"},"acf":[],"_links":{"self":[{"href":"https:\/\/gajos.sk\/eshop\/wp-json\/wp\/v2\/product\/353684","targetHints":{"allow":["GET"]}}],"collection":[{"href":"https:\/\/gajos.sk\/eshop\/wp-json\/wp\/v2\/product"}],"about":[{"href":"https:\/\/gajos.sk\/eshop\/wp-json\/wp\/v2\/types\/product"}],"wp:featuredmedia":[{"embeddable":true,"href":"https:\/\/gajos.sk\/eshop\/wp-json\/wp\/v2\/media\/353686"}],"wp:attachment":[{"href":"https:\/\/gajos.sk\/eshop\/wp-json\/wp\/v2\/media?parent=353684"}],"wp:term":[{"taxonomy":"product_brand","embeddable":true,"href":"https:\/\/gajos.sk\/eshop\/wp-json\/wp\/v2\/product_brand?post=353684"},{"taxonomy":"product_cat","embeddable":true,"href":"https:\/\/gajos.sk\/eshop\/wp-json\/wp\/v2\/product_cat?post=353684"},{"taxonomy":"product_tag","embeddable":true,"href":"https:\/\/gajos.sk\/eshop\/wp-json\/wp\/v2\/product_tag?post=353684"}],"curies":[{"name":"wp","href":"https:\/\/api.w.org\/{rel}","templated":true}]}}