{"id":353675,"date":"2024-03-01T23:47:37","date_gmt":"2024-03-01T22:47:37","guid":{"rendered":"https:\/\/gajostest.a2hosted.com\/eshop\/nakolenik-gel\/"},"modified":"2026-05-07T21:55:59","modified_gmt":"2026-05-07T19:55:59","slug":"nakolenik-gel","status":"publish","type":"product","link":"https:\/\/gajos.sk\/eshop\/p\/nakolenik-gel\/","title":{"rendered":"N\u00e1kolen\u00edk GEL"},"content":{"rendered":"","protected":false},"excerpt":{"rendered":"<p>\u2022 g\u00e9lov\u00e9 n\u00e1kolenn\u00edky pre vy\u0161\u0161ie pohodlie pri pr\u00e1ci \u2022 neopr\u00e9nov\u00e9 p\u00e1sky pre bezpe\u010dn\u00e9 upevnenie \u2022 univerz\u00e1lna ve\u013ekos\u0165 \u2022 EN 14404: 2004+A1: 2010 (Type 1, Level 1)<\/p>\n","protected":false},"featured_media":353677,"template":"","meta":{"_acf_changed":false,"inline_featured_image":false},"product_brand":[],"product_cat":[3533,2121,2140],"product_tag":[1179],"class_list":{"0":"post-353675","1":"product","2":"type-product","3":"status-publish","4":"has-post-thumbnail","6":"product_cat-ochrana-kolien-ostatne-odevy","7":"product_cat-odevy","8":"product_cat-ostatne-odevy","9":"product_tag-cerva","10":"pa_velkost-uni","12":"first","13":"instock","14":"taxable","15":"shipping-taxable","16":"purchasable","17":"product-type-variable"},"acf":[],"_links":{"self":[{"href":"https:\/\/gajos.sk\/eshop\/wp-json\/wp\/v2\/product\/353675","targetHints":{"allow":["GET"]}}],"collection":[{"href":"https:\/\/gajos.sk\/eshop\/wp-json\/wp\/v2\/product"}],"about":[{"href":"https:\/\/gajos.sk\/eshop\/wp-json\/wp\/v2\/types\/product"}],"wp:featuredmedia":[{"embeddable":true,"href":"https:\/\/gajos.sk\/eshop\/wp-json\/wp\/v2\/media\/353677"}],"wp:attachment":[{"href":"https:\/\/gajos.sk\/eshop\/wp-json\/wp\/v2\/media?parent=353675"}],"wp:term":[{"taxonomy":"product_brand","embeddable":true,"href":"https:\/\/gajos.sk\/eshop\/wp-json\/wp\/v2\/product_brand?post=353675"},{"taxonomy":"product_cat","embeddable":true,"href":"https:\/\/gajos.sk\/eshop\/wp-json\/wp\/v2\/product_cat?post=353675"},{"taxonomy":"product_tag","embeddable":true,"href":"https:\/\/gajos.sk\/eshop\/wp-json\/wp\/v2\/product_tag?post=353675"}],"curies":[{"name":"wp","href":"https:\/\/api.w.org\/{rel}","templated":true}]}}