{"id":353672,"date":"2024-03-01T23:47:37","date_gmt":"2024-03-01T22:47:37","guid":{"rendered":"https:\/\/gajostest.a2hosted.com\/eshop\/cerva-fs-set-leseniepohyb-ocel-konstr\/"},"modified":"2026-05-07T21:55:59","modified_gmt":"2026-05-07T19:55:59","slug":"cerva-fs-set-leseniepohyb-ocel-konstr","status":"publish","type":"product","link":"https:\/\/gajos.sk\/eshop\/p\/cerva-fs-set-leseniepohyb-ocel-konstr\/","title":{"rendered":"CERVA FS Set Le\u0161enie:Pohyb oce\u013e.kon\u0161tr."},"content":{"rendered":"","protected":false},"excerpt":{"rendered":"<p>&#8222;Le\u0161enie: pohyb po ocelotov\u00fdch kon\u0161trukci\u00e1ch a le\u0161en\u00ed. Obsah setu:<br \/>\nZachyt\u00e1vac\u00ed postroj, tlmi\u010d p\u00e1du s dvoma lanami a karab\u00ednami<br \/>\ns otvoren\u00edm 50 mm, batoh 20 L.<br \/>\nPOU\u017dITIE:<br \/>\n\u00bb v\u00fdstup a zostup na oce\u013eov\u00e9 st\u013apy<br \/>\n\u00bb kon\u0161trukcia<br \/>\n\u00bb le\u0161enie<br \/>\n\u00bb mobiln\u00e9 plo\u0161iny<br \/>\n\u00bbnormy: EN 361, EN 355, EN 362&#8220;<\/p>\n","protected":false},"featured_media":353674,"template":"","meta":{"_acf_changed":false,"inline_featured_image":false},"product_brand":[],"product_cat":[2153,2128,2579],"product_tag":[1179],"class_list":{"0":"post-353672","1":"product","2":"type-product","3":"status-publish","4":"has-post-thumbnail","6":"product_cat-ochrana-proti-padu","7":"product_cat-ochranne-pomocky","8":"product_cat-sety-pre-pracu-vo-vyskach","9":"product_tag-cerva","10":"pa_velkost-uni","12":"first","13":"instock","14":"taxable","15":"shipping-taxable","16":"purchasable","17":"product-type-variable"},"acf":[],"_links":{"self":[{"href":"https:\/\/gajos.sk\/eshop\/wp-json\/wp\/v2\/product\/353672","targetHints":{"allow":["GET"]}}],"collection":[{"href":"https:\/\/gajos.sk\/eshop\/wp-json\/wp\/v2\/product"}],"about":[{"href":"https:\/\/gajos.sk\/eshop\/wp-json\/wp\/v2\/types\/product"}],"wp:featuredmedia":[{"embeddable":true,"href":"https:\/\/gajos.sk\/eshop\/wp-json\/wp\/v2\/media\/353674"}],"wp:attachment":[{"href":"https:\/\/gajos.sk\/eshop\/wp-json\/wp\/v2\/media?parent=353672"}],"wp:term":[{"taxonomy":"product_brand","embeddable":true,"href":"https:\/\/gajos.sk\/eshop\/wp-json\/wp\/v2\/product_brand?post=353672"},{"taxonomy":"product_cat","embeddable":true,"href":"https:\/\/gajos.sk\/eshop\/wp-json\/wp\/v2\/product_cat?post=353672"},{"taxonomy":"product_tag","embeddable":true,"href":"https:\/\/gajos.sk\/eshop\/wp-json\/wp\/v2\/product_tag?post=353672"}],"curies":[{"name":"wp","href":"https:\/\/api.w.org\/{rel}","templated":true}]}}