{"id":353663,"date":"2024-03-01T23:47:28","date_gmt":"2024-03-01T22:47:28","guid":{"rendered":"https:\/\/gajostest.a2hosted.com\/eshop\/cerva-fs-set-strechyrovnenaklonrebrik\/"},"modified":"2026-05-07T21:55:59","modified_gmt":"2026-05-07T19:55:59","slug":"cerva-fs-set-strechyrovnenaklonrebrik","status":"publish","type":"product","link":"https:\/\/gajos.sk\/eshop\/p\/cerva-fs-set-strechyrovnenaklonrebrik\/","title":{"rendered":"CERVA FS Set strechy:Rovn\u00e9,naklon+rebr\u00edk"},"content":{"rendered":"","protected":false},"excerpt":{"rendered":"<p>Strechy: Strechy rovn\u00e9, naklonen\u00e9, v\u00fdstup po rebr\u00edku \u010di kon\u0161trukcii.<\/p>\n","protected":false},"featured_media":353665,"template":"","meta":{"_acf_changed":false,"inline_featured_image":false},"product_brand":[],"product_cat":[2153,2128,2579],"product_tag":[1179],"class_list":{"0":"post-353663","1":"product","2":"type-product","3":"status-publish","4":"has-post-thumbnail","6":"product_cat-ochrana-proti-padu","7":"product_cat-ochranne-pomocky","8":"product_cat-sety-pre-pracu-vo-vyskach","9":"product_tag-cerva","10":"pa_velkost-uni","12":"first","13":"instock","14":"taxable","15":"shipping-taxable","16":"purchasable","17":"product-type-variable"},"acf":[],"_links":{"self":[{"href":"https:\/\/gajos.sk\/eshop\/wp-json\/wp\/v2\/product\/353663","targetHints":{"allow":["GET"]}}],"collection":[{"href":"https:\/\/gajos.sk\/eshop\/wp-json\/wp\/v2\/product"}],"about":[{"href":"https:\/\/gajos.sk\/eshop\/wp-json\/wp\/v2\/types\/product"}],"wp:featuredmedia":[{"embeddable":true,"href":"https:\/\/gajos.sk\/eshop\/wp-json\/wp\/v2\/media\/353665"}],"wp:attachment":[{"href":"https:\/\/gajos.sk\/eshop\/wp-json\/wp\/v2\/media?parent=353663"}],"wp:term":[{"taxonomy":"product_brand","embeddable":true,"href":"https:\/\/gajos.sk\/eshop\/wp-json\/wp\/v2\/product_brand?post=353663"},{"taxonomy":"product_cat","embeddable":true,"href":"https:\/\/gajos.sk\/eshop\/wp-json\/wp\/v2\/product_cat?post=353663"},{"taxonomy":"product_tag","embeddable":true,"href":"https:\/\/gajos.sk\/eshop\/wp-json\/wp\/v2\/product_tag?post=353663"}],"curies":[{"name":"wp","href":"https:\/\/api.w.org\/{rel}","templated":true}]}}