{"id":353660,"date":"2024-03-01T23:47:28","date_gmt":"2024-03-01T22:47:28","guid":{"rendered":"https:\/\/gajostest.a2hosted.com\/eshop\/set-konstrukcieocel-konstrukcie-a-stlpy\/"},"modified":"2026-04-11T17:51:50","modified_gmt":"2026-04-11T15:51:50","slug":"set-konstrukcieocel-konstrukcie-a-stlpy","status":"publish","type":"product","link":"https:\/\/gajos.sk\/eshop\/p\/set-konstrukcieocel-konstrukcie-a-stlpy\/","title":{"rendered":"Set Kon\u0161trukcie:ocel.kon\u0161trukcie a st\u013apy"},"content":{"rendered":"","protected":false},"excerpt":{"rendered":"<p>SET Fall safe FS154PRO oce\u013eov\u00e9 kon\u0161trukcie, st\u013apy, telekomunik\u00e1cie, elektrodistrib\u00facia normy: EN 361, EN 355, EN 813, EN 358, EN 362, EN 354 OBSAH SETU: zachyt\u00e1vac\u00ed postroj tlmi\u010d p\u00e1du s dvoma lanami a karab\u00ednami polohovacia lanyard trauma slu\u010dka (umo\u017e\u0148uje oporu n\u00f4h po zachyten\u00ed p\u00e1du) Vak POU\u017dITIE: pre pr\u00e1cu na kon\u0161trukci\u00e1ch, energetick\u00e9 st\u013apy, telekomunik\u00e1cie, pr\u00e1ca vo vertik\u00e1lnej polohe, le\u0161enie<\/p>\n","protected":false},"featured_media":353662,"template":"","meta":{"_acf_changed":false,"inline_featured_image":false},"product_brand":[],"product_cat":[2153,2128,2579],"product_tag":[1293],"class_list":{"0":"post-353660","1":"product","2":"type-product","3":"status-publish","4":"has-post-thumbnail","6":"product_cat-ochrana-proti-padu","7":"product_cat-ochranne-pomocky","8":"product_cat-sety-pre-pracu-vo-vyskach","9":"product_tag-fallsafe","10":"pa_velkost-uni","12":"first","13":"instock","14":"taxable","15":"shipping-taxable","16":"product-type-variable"},"acf":[],"_links":{"self":[{"href":"https:\/\/gajos.sk\/eshop\/wp-json\/wp\/v2\/product\/353660","targetHints":{"allow":["GET"]}}],"collection":[{"href":"https:\/\/gajos.sk\/eshop\/wp-json\/wp\/v2\/product"}],"about":[{"href":"https:\/\/gajos.sk\/eshop\/wp-json\/wp\/v2\/types\/product"}],"wp:featuredmedia":[{"embeddable":true,"href":"https:\/\/gajos.sk\/eshop\/wp-json\/wp\/v2\/media\/353662"}],"wp:attachment":[{"href":"https:\/\/gajos.sk\/eshop\/wp-json\/wp\/v2\/media?parent=353660"}],"wp:term":[{"taxonomy":"product_brand","embeddable":true,"href":"https:\/\/gajos.sk\/eshop\/wp-json\/wp\/v2\/product_brand?post=353660"},{"taxonomy":"product_cat","embeddable":true,"href":"https:\/\/gajos.sk\/eshop\/wp-json\/wp\/v2\/product_cat?post=353660"},{"taxonomy":"product_tag","embeddable":true,"href":"https:\/\/gajos.sk\/eshop\/wp-json\/wp\/v2\/product_tag?post=353660"}],"curies":[{"name":"wp","href":"https:\/\/api.w.org\/{rel}","templated":true}]}}