{"id":353651,"date":"2024-03-01T23:47:20","date_gmt":"2024-03-01T22:47:20","guid":{"rendered":"https:\/\/gajostest.a2hosted.com\/eshop\/set-zachyc-paduvertikalny-a-sikmy-pohyb\/"},"modified":"2026-04-11T17:51:50","modified_gmt":"2026-04-11T15:51:50","slug":"set-zachyc-paduvertikalny-a-sikmy-pohyb","status":"publish","type":"product","link":"https:\/\/gajos.sk\/eshop\/p\/set-zachyc-paduvertikalny-a-sikmy-pohyb\/","title":{"rendered":"Set zachyc.p\u00e1du:vertik\u00e1lny a \u0161ikm\u00fd pohyb"},"content":{"rendered":"","protected":false},"excerpt":{"rendered":"<p>Set pre pr\u00e1cu vo v\u00fd\u0161kach samonav\u00edjac\u00ed zachyt\u00e1va\u010d 7m, postroj karab\u00edna a slu\u010dka. Vertik\u00e1lny a \u0161ikm\u00fd pohyb<\/p>\n","protected":false},"featured_media":353653,"template":"","meta":{"_acf_changed":false,"inline_featured_image":false},"product_brand":[],"product_cat":[2153,2128,2579],"product_tag":[1293],"class_list":{"0":"post-353651","1":"product","2":"type-product","3":"status-publish","4":"has-post-thumbnail","6":"product_cat-ochrana-proti-padu","7":"product_cat-ochranne-pomocky","8":"product_cat-sety-pre-pracu-vo-vyskach","9":"product_tag-fallsafe","10":"pa_velkost-uni","12":"first","13":"instock","14":"taxable","15":"shipping-taxable","16":"product-type-variable"},"acf":[],"_links":{"self":[{"href":"https:\/\/gajos.sk\/eshop\/wp-json\/wp\/v2\/product\/353651","targetHints":{"allow":["GET"]}}],"collection":[{"href":"https:\/\/gajos.sk\/eshop\/wp-json\/wp\/v2\/product"}],"about":[{"href":"https:\/\/gajos.sk\/eshop\/wp-json\/wp\/v2\/types\/product"}],"wp:featuredmedia":[{"embeddable":true,"href":"https:\/\/gajos.sk\/eshop\/wp-json\/wp\/v2\/media\/353653"}],"wp:attachment":[{"href":"https:\/\/gajos.sk\/eshop\/wp-json\/wp\/v2\/media?parent=353651"}],"wp:term":[{"taxonomy":"product_brand","embeddable":true,"href":"https:\/\/gajos.sk\/eshop\/wp-json\/wp\/v2\/product_brand?post=353651"},{"taxonomy":"product_cat","embeddable":true,"href":"https:\/\/gajos.sk\/eshop\/wp-json\/wp\/v2\/product_cat?post=353651"},{"taxonomy":"product_tag","embeddable":true,"href":"https:\/\/gajos.sk\/eshop\/wp-json\/wp\/v2\/product_tag?post=353651"}],"curies":[{"name":"wp","href":"https:\/\/api.w.org\/{rel}","templated":true}]}}